{"id":4786,"date":"2025-05-19T14:51:04","date_gmt":"2025-05-19T12:51:04","guid":{"rendered":"https:\/\/inox-lesko.com\/?post_type=product&#038;p=4786"},"modified":"2025-12-16T11:52:05","modified_gmt":"2025-12-16T10:52:05","slug":"maximax-universal-polish-vh34-1l","status":"publish","type":"product","link":"https:\/\/inox-lesko.com\/hr\/item\/maximax-universal-polish-vh34-1l\/","title":{"rendered":"MAXIMAX UNIVERZALNO POLIRANJE VH34, 1l"},"content":{"rendered":"","protected":false},"excerpt":{"rendered":"<p>ELKAY MAXIMAX je univerzalno sredstvo za poliranje na bazi otapala za prirodno i sinteti\u010dko kamenje.<\/p>\n<p>Daje savr\u0161en prirodni sjaj.<\/p>\n<p>Revitalizira sjaj poliranih povr\u0161ina.<\/p>\n<p>Idealan je za odr\u017eavanje.<\/p>\n<p>Ne stratificira se tijekom nano\u0161enja.<\/p>\n<p>Ne o\u0161te\u0107uje sinteti\u010dke povr\u0161ine.<\/p>\n<p>Redovitom upotrebom \u0161titi povr\u0161ine od habanja.<\/p>\n<p>Za vrhunski sjaj preporu\u010duje se tjedna upotreba.<\/p>\n<p>&nbsp;<\/p>\n<p><strong>Upotreba proizvoda:<\/strong><\/p>\n<p>Elkay MAXIMAX je lak za poliranje spreman za upotrebu, a koraci za pravilnu upotrebu su sljede\u0107i;<\/p>\n<p>Prije nano\u0161enja proizvoda, provjerite je li povr\u0161ina na koju \u0107e se proizvod nanositi suha.<\/p>\n<p>\u010cistom i mekom krpom ravnomjerno nanesite sredstvo za poliranje na povr\u0161inu.<\/p>\n<p>Ponavljajte postupak dok se na obra\u0111enoj povr\u0161ini ne postigne \u017eeljena \u010disto\u0107a i sjaj.<\/p>\n<p>&nbsp;<\/p>\n<p><strong>Podru\u010dja upotrebe:<\/strong><\/p>\n<p>Granit - Mramor - Prirodno i sinteti\u010dko kamenje - Metalne i povr\u0161ine od nehr\u0111aju\u0107eg \u010delika<\/p>\n<p><!--more--><\/p>","protected":false},"featured_media":4787,"template":"","meta":{"_acf_changed":false},"product_brand":[],"product_cat":[15],"product_tag":[],"class_list":{"0":"post-4786","1":"product","2":"type-product","3":"status-publish","4":"has-post-thumbnail","6":"product_cat-uncategorized","8":"first","9":"instock","10":"taxable","11":"shipping-taxable","12":"purchasable","13":"product-type-simple"},"acf":[],"yoast_head":"<!-- This site is optimized with the Yoast SEO plugin v26.1.1 - https:\/\/yoast.com\/wordpress\/plugins\/seo\/ -->\n<title>MAXIMAX UNIVERZALNO POLIRANJE VH34, 1l - INOX LE\u0160KO<\/title>\n<meta name=\"robots\" content=\"index, follow, max-snippet:-1, max-image-preview:large, max-video-preview:-1\" \/>\n<link rel=\"canonical\" href=\"https:\/\/inox-lesko.com\/hr\/item\/maximax-universal-polish-vh34-1l\/\" \/>\n<meta property=\"og:locale\" content=\"hr_HR\" \/>\n<meta property=\"og:type\" content=\"article\" \/>\n<meta property=\"og:title\" content=\"MAXIMAX UNIVERZALNO POLIRANJE VH34, 1l - INOX LE\u0160KO\" \/>\n<meta property=\"og:description\" content=\"ELKAY MAXIMAX is a solvent based universal polish for natural and synthetic stones.  It gives a perfect natural gloss.  It revitalizes the shine of polished finishes.  It is ideal for maintenance.  It does not stratify during application.  It does not does not damage synthetic surfaces.  It protects surfaces from abrasion if used regularly.  Weekly usage is highly recommended for ultimate gloss.  &nbsp;  Product usage:  Elkay MAXIMAX\u00a0 is a &quot;ready to use&quot; polish and steps for correct usage are as follows;  Before applying the product, make sure the surface on which the product will be applied is dry.  Apply the polish evenly to the surface with clean &amp; soft cloth.  Repeat the process until desired cleanliness and brightness is achieved on the applied surface.  &nbsp;  Usage areas:  Granite - Marble - Natural and Synthetic Stones - Metal and Stainless Steel Surfaces\" \/>\n<meta property=\"og:url\" content=\"https:\/\/inox-lesko.com\/hr\/item\/maximax-universal-polish-vh34-1l\/\" \/>\n<meta property=\"og:site_name\" content=\"INOX LE\u0160KO\" \/>\n<meta property=\"article:publisher\" content=\"https:\/\/www.facebook.com\/inoxlesko\/\" \/>\n<meta property=\"article:modified_time\" content=\"2025-12-16T10:52:05+00:00\" \/>\n<meta property=\"og:image\" content=\"https:\/\/inox-lesko.com\/wp-content\/uploads\/2025\/05\/VH34-WEB.png\" \/>\n\t<meta property=\"og:image:width\" content=\"450\" \/>\n\t<meta property=\"og:image:height\" content=\"450\" \/>\n\t<meta property=\"og:image:type\" content=\"image\/png\" \/>\n<meta name=\"twitter:card\" content=\"summary_large_image\" \/>\n<meta name=\"twitter:label1\" content=\"Procijenjeno vrijeme \u010ditanja\" \/>\n\t<meta name=\"twitter:data1\" content=\"1 minuta\" \/>\n<script type=\"application\/ld+json\" class=\"yoast-schema-graph\">{\"@context\":\"https:\/\/schema.org\",\"@graph\":[{\"@type\":\"WebPage\",\"@id\":\"https:\/\/inox-lesko.com\/item\/maximax-universal-polish-vh34-1l\/\",\"url\":\"https:\/\/inox-lesko.com\/item\/maximax-universal-polish-vh34-1l\/\",\"name\":\"MAXIMAX UNIVERZALNO POLIRANJE VH34, 1l - INOX LE\u0160KO\",\"isPartOf\":{\"@id\":\"https:\/\/inox-lesko.com\/#website\"},\"primaryImageOfPage\":{\"@id\":\"https:\/\/inox-lesko.com\/item\/maximax-universal-polish-vh34-1l\/#primaryimage\"},\"image\":{\"@id\":\"https:\/\/inox-lesko.com\/item\/maximax-universal-polish-vh34-1l\/#primaryimage\"},\"thumbnailUrl\":\"https:\/\/inox-lesko.com\/wp-content\/uploads\/2025\/05\/VH34-WEB.png\",\"datePublished\":\"2025-05-19T12:51:04+00:00\",\"dateModified\":\"2025-12-16T10:52:05+00:00\",\"breadcrumb\":{\"@id\":\"https:\/\/inox-lesko.com\/item\/maximax-universal-polish-vh34-1l\/#breadcrumb\"},\"inLanguage\":\"hr\",\"potentialAction\":[{\"@type\":\"ReadAction\",\"target\":[\"https:\/\/inox-lesko.com\/item\/maximax-universal-polish-vh34-1l\/\"]}]},{\"@type\":\"ImageObject\",\"inLanguage\":\"hr\",\"@id\":\"https:\/\/inox-lesko.com\/item\/maximax-universal-polish-vh34-1l\/#primaryimage\",\"url\":\"https:\/\/inox-lesko.com\/wp-content\/uploads\/2025\/05\/VH34-WEB.png\",\"contentUrl\":\"https:\/\/inox-lesko.com\/wp-content\/uploads\/2025\/05\/VH34-WEB.png\",\"width\":450,\"height\":450},{\"@type\":\"BreadcrumbList\",\"@id\":\"https:\/\/inox-lesko.com\/item\/maximax-universal-polish-vh34-1l\/#breadcrumb\",\"itemListElement\":[{\"@type\":\"ListItem\",\"position\":1,\"name\":\"Home\",\"item\":\"https:\/\/inox-lesko.com\/en\/\"},{\"@type\":\"ListItem\",\"position\":2,\"name\":\"Shop\",\"item\":\"https:\/\/inox-lesko.com\/shop\/\"},{\"@type\":\"ListItem\",\"position\":3,\"name\":\"MAXIMAX UNIVERZALNO POLIRANJE VH34, 1l\"}]},{\"@type\":\"WebSite\",\"@id\":\"https:\/\/inox-lesko.com\/#website\",\"url\":\"https:\/\/inox-lesko.com\/\",\"name\":\"INOX LE\u0160KO\",\"description\":\"\",\"publisher\":{\"@id\":\"https:\/\/inox-lesko.com\/#organization\"},\"potentialAction\":[{\"@type\":\"SearchAction\",\"target\":{\"@type\":\"EntryPoint\",\"urlTemplate\":\"https:\/\/inox-lesko.com\/?s={search_term_string}\"},\"query-input\":{\"@type\":\"PropertyValueSpecification\",\"valueRequired\":true,\"valueName\":\"search_term_string\"}}],\"inLanguage\":\"hr\"},{\"@type\":\"Organization\",\"@id\":\"https:\/\/inox-lesko.com\/#organization\",\"name\":\"INOX LE\u0160KO\",\"url\":\"https:\/\/inox-lesko.com\/\",\"logo\":{\"@type\":\"ImageObject\",\"inLanguage\":\"hr\",\"@id\":\"https:\/\/inox-lesko.com\/#\/schema\/logo\/image\/\",\"url\":\"https:\/\/inox-lesko.com\/wp-content\/uploads\/2024\/04\/inox_lesko_logo_transparent.png\",\"contentUrl\":\"https:\/\/inox-lesko.com\/wp-content\/uploads\/2024\/04\/inox_lesko_logo_transparent.png\",\"width\":1262,\"height\":509,\"caption\":\"INOX LE\u0160KO\"},\"image\":{\"@id\":\"https:\/\/inox-lesko.com\/#\/schema\/logo\/image\/\"},\"sameAs\":[\"https:\/\/www.facebook.com\/inoxlesko\/\"]}]}<\/script>\n<!-- \/ Yoast SEO plugin. -->","yoast_head_json":{"title":"MAXIMAX UNIVERZALNO POLIRANJE VH34, 1l - INOX LE\u0160KO","robots":{"index":"index","follow":"follow","max-snippet":"max-snippet:-1","max-image-preview":"max-image-preview:large","max-video-preview":"max-video-preview:-1"},"canonical":"https:\/\/inox-lesko.com\/hr\/item\/maximax-universal-polish-vh34-1l\/","og_locale":"hr_HR","og_type":"article","og_title":"MAXIMAX UNIVERZALNO POLIRANJE VH34, 1l - INOX LE\u0160KO","og_description":"ELKAY MAXIMAX is a solvent based universal polish for natural and synthetic stones.  It gives a perfect natural gloss.  It revitalizes the shine of polished finishes.  It is ideal for maintenance.  It does not stratify during application.  It does not does not damage synthetic surfaces.  It protects surfaces from abrasion if used regularly.  Weekly usage is highly recommended for ultimate gloss.  &nbsp;  Product usage:  Elkay MAXIMAX\u00a0 is a \"ready to use\" polish and steps for correct usage are as follows;  Before applying the product, make sure the surface on which the product will be applied is dry.  Apply the polish evenly to the surface with clean &amp; soft cloth.  Repeat the process until desired cleanliness and brightness is achieved on the applied surface.  &nbsp;  Usage areas:  Granite - Marble - Natural and Synthetic Stones - Metal and Stainless Steel Surfaces","og_url":"https:\/\/inox-lesko.com\/hr\/item\/maximax-universal-polish-vh34-1l\/","og_site_name":"INOX LE\u0160KO","article_publisher":"https:\/\/www.facebook.com\/inoxlesko\/","article_modified_time":"2025-12-16T10:52:05+00:00","og_image":[{"width":450,"height":450,"url":"https:\/\/inox-lesko.com\/wp-content\/uploads\/2025\/05\/VH34-WEB.png","type":"image\/png"}],"twitter_card":"summary_large_image","twitter_misc":{"Procijenjeno vrijeme \u010ditanja":"1 minuta"},"schema":{"@context":"https:\/\/schema.org","@graph":[{"@type":"WebPage","@id":"https:\/\/inox-lesko.com\/item\/maximax-universal-polish-vh34-1l\/","url":"https:\/\/inox-lesko.com\/item\/maximax-universal-polish-vh34-1l\/","name":"MAXIMAX UNIVERZALNO POLIRANJE VH34, 1l - INOX LE\u0160KO","isPartOf":{"@id":"https:\/\/inox-lesko.com\/#website"},"primaryImageOfPage":{"@id":"https:\/\/inox-lesko.com\/item\/maximax-universal-polish-vh34-1l\/#primaryimage"},"image":{"@id":"https:\/\/inox-lesko.com\/item\/maximax-universal-polish-vh34-1l\/#primaryimage"},"thumbnailUrl":"https:\/\/inox-lesko.com\/wp-content\/uploads\/2025\/05\/VH34-WEB.png","datePublished":"2025-05-19T12:51:04+00:00","dateModified":"2025-12-16T10:52:05+00:00","breadcrumb":{"@id":"https:\/\/inox-lesko.com\/item\/maximax-universal-polish-vh34-1l\/#breadcrumb"},"inLanguage":"hr","potentialAction":[{"@type":"ReadAction","target":["https:\/\/inox-lesko.com\/item\/maximax-universal-polish-vh34-1l\/"]}]},{"@type":"ImageObject","inLanguage":"hr","@id":"https:\/\/inox-lesko.com\/item\/maximax-universal-polish-vh34-1l\/#primaryimage","url":"https:\/\/inox-lesko.com\/wp-content\/uploads\/2025\/05\/VH34-WEB.png","contentUrl":"https:\/\/inox-lesko.com\/wp-content\/uploads\/2025\/05\/VH34-WEB.png","width":450,"height":450},{"@type":"BreadcrumbList","@id":"https:\/\/inox-lesko.com\/item\/maximax-universal-polish-vh34-1l\/#breadcrumb","itemListElement":[{"@type":"ListItem","position":1,"name":"Home","item":"https:\/\/inox-lesko.com\/en\/"},{"@type":"ListItem","position":2,"name":"Shop","item":"https:\/\/inox-lesko.com\/shop\/"},{"@type":"ListItem","position":3,"name":"MAXIMAX UNIVERZALNO POLIRANJE VH34, 1l"}]},{"@type":"WebSite","@id":"https:\/\/inox-lesko.com\/#website","url":"https:\/\/inox-lesko.com\/","name":"INOX LE\u0160KO","description":"","publisher":{"@id":"https:\/\/inox-lesko.com\/#organization"},"potentialAction":[{"@type":"SearchAction","target":{"@type":"EntryPoint","urlTemplate":"https:\/\/inox-lesko.com\/?s={search_term_string}"},"query-input":{"@type":"PropertyValueSpecification","valueRequired":true,"valueName":"search_term_string"}}],"inLanguage":"hr"},{"@type":"Organization","@id":"https:\/\/inox-lesko.com\/#organization","name":"INOX LE\u0160KO","url":"https:\/\/inox-lesko.com\/","logo":{"@type":"ImageObject","inLanguage":"hr","@id":"https:\/\/inox-lesko.com\/#\/schema\/logo\/image\/","url":"https:\/\/inox-lesko.com\/wp-content\/uploads\/2024\/04\/inox_lesko_logo_transparent.png","contentUrl":"https:\/\/inox-lesko.com\/wp-content\/uploads\/2024\/04\/inox_lesko_logo_transparent.png","width":1262,"height":509,"caption":"INOX LE\u0160KO"},"image":{"@id":"https:\/\/inox-lesko.com\/#\/schema\/logo\/image\/"},"sameAs":["https:\/\/www.facebook.com\/inoxlesko\/"]}]}},"_links":{"self":[{"href":"https:\/\/inox-lesko.com\/hr\/wp-json\/wp\/v2\/product\/4786","targetHints":{"allow":["GET"]}}],"collection":[{"href":"https:\/\/inox-lesko.com\/hr\/wp-json\/wp\/v2\/product"}],"about":[{"href":"https:\/\/inox-lesko.com\/hr\/wp-json\/wp\/v2\/types\/product"}],"wp:featuredmedia":[{"embeddable":true,"href":"https:\/\/inox-lesko.com\/hr\/wp-json\/wp\/v2\/media\/4787"}],"wp:attachment":[{"href":"https:\/\/inox-lesko.com\/hr\/wp-json\/wp\/v2\/media?parent=4786"}],"wp:term":[{"taxonomy":"product_brand","embeddable":true,"href":"https:\/\/inox-lesko.com\/hr\/wp-json\/wp\/v2\/product_brand?post=4786"},{"taxonomy":"product_cat","embeddable":true,"href":"https:\/\/inox-lesko.com\/hr\/wp-json\/wp\/v2\/product_cat?post=4786"},{"taxonomy":"product_tag","embeddable":true,"href":"https:\/\/inox-lesko.com\/hr\/wp-json\/wp\/v2\/product_tag?post=4786"}],"curies":[{"name":"wp","href":"https:\/\/api.w.org\/{rel}","templated":true}]}}