{"id":4772,"date":"2025-05-16T12:01:16","date_gmt":"2025-05-16T10:01:16","guid":{"rendered":"https:\/\/inox-lesko.com\/?post_type=product&#038;p=4772"},"modified":"2025-12-16T11:40:34","modified_gmt":"2025-12-16T10:40:34","slug":"granit-polyurethane-foam-pu-750-600g","status":"publish","type":"product","link":"https:\/\/inox-lesko.com\/hr\/item\/granit-polyurethane-foam-pu-750-600g\/","title":{"rendered":"VI\u0160ENAMJENSKA POLIURETANSKA PJENA PU750, 600g"},"content":{"rendered":"","protected":false},"excerpt":{"rendered":"<p>ELKAY GRANIT POLIURETANSKA PJENA je jednokomponentna poliuretanska pjena koja se stvrdnjava uslijed vlage i samo\u0161iri.<\/p>\n<p>Namijenjen je za pri\u010dvr\u0161\u0107ivanje i izolaciju okvira vrata i prozora; ispunjavanje i brtvljenje praznina, spojeva i \u0161upljina; ispunjavanje prodora u zidovima; izoliranje elektri\u010dnih uti\u010dnica i vodovodnih cijevi.<\/p>\n<p>Ne sadr\u017ei pogonske plinove koji su \u0161tetni za ozonski omota\u010d.<\/p>\n<p>Pru\u017ea izvrsno prianjanje i sposobnost popunjavanja uz visoku toplinsku i zvu\u010dnu izolaciju.<\/p>\n<p>Lijepi gotovo sve gra\u0111evinske materijale, osim povr\u0161ina poput polietilena, teflona, \u200b\u200bsilikona i povr\u0161ina kontaminiranih uljima, sredstvima za odvajanje kalupa itd.<\/p>\n<p>Otporan je na plijesan i vodu.<\/p>\n<p><strong>Podru\u010dja upotrebe:<\/strong><\/p>\n<p>Sve vrste prirodnog i sinteti\u010dkog kamena - guma - drvo - MDF - metal<\/p>\n<p><strong>Upotreba proizvoda:<\/strong><\/p>\n<p>Dobro protresite limenku prije upotrebe.<\/p>\n<p>Umetnite slamku u ventil.<\/p>\n<p>Koristite pjenu pritiskom na ventil s kutijom okrenutom naopako.<\/p>\n<p>Budu\u0107i da \u0107e se pjena pro\u0161iriti, praznine treba djelomi\u010dno popuniti.<\/p>\n<p>&nbsp;<\/p>\n<p>https:\/\/youtu.be\/4tYUkmQAR6c<\/p>\n<p>&nbsp;<\/p>","protected":false},"featured_media":4773,"template":"","meta":{"_acf_changed":false},"product_brand":[],"product_cat":[146,149],"product_tag":[],"class_list":{"0":"post-4772","1":"product","2":"type-product","3":"status-publish","4":"has-post-thumbnail","6":"product_cat-gradevinska-kemija","7":"product_cat-polyurethane-foam","9":"first","10":"instock","11":"taxable","12":"shipping-taxable","13":"purchasable","14":"product-type-simple"},"acf":[],"yoast_head":"<!-- This site is optimized with the Yoast SEO plugin v26.1.1 - https:\/\/yoast.com\/wordpress\/plugins\/seo\/ -->\n<title>GRANIT POLYURETHANE FOAM PU750, 600g - INOX LE\u0160KO<\/title>\n<meta name=\"robots\" content=\"index, follow, max-snippet:-1, max-image-preview:large, max-video-preview:-1\" \/>\n<link rel=\"canonical\" href=\"https:\/\/inox-lesko.com\/hr\/item\/granit-polyurethane-foam-pu-750-600g\/\" \/>\n<meta property=\"og:locale\" content=\"hr_HR\" \/>\n<meta property=\"og:type\" content=\"article\" \/>\n<meta property=\"og:title\" content=\"GRANIT POLYURETHANE FOAM PU750, 600g - INOX LE\u0160KO\" \/>\n<meta property=\"og:description\" content=\"ELKAY GRANIT POLYURETHANE FOAM is a single component moisture curing and self expanding polyurethane foam.  It is designed for fixing and insulating of door and window frames; filling and sealing of gaps, joints and cavities; filling of penetrations in walls; insulating electrical outlets and water pipes.  It does not contain any propellant gases that are harmful to the ozone layer.  It provides excellent adhesion and filling capacity with high thermal &amp; acoustical insulation.  Adheres almost all building materials with exception of surfaces such as polyethylene, teflon, silicone and surfaces contaminated with oils, mold release agents etc.  It is mould and water proof.  Usage areas:  All types of Natural &amp; Synthetic\u00a0 Stones - Rubber - Wood - MDF - Metal  Product usage:  Shake the can well before use.  Insert the straw into the valve.  Use the foam by pressing the valve with the box upside down.  Since the foam will expand, the gaps should be partially filled.  &nbsp;  https:\/\/youtu.be\/4tYUkmQAR6c  &nbsp;\" \/>\n<meta property=\"og:url\" content=\"https:\/\/inox-lesko.com\/hr\/item\/granit-polyurethane-foam-pu-750-600g\/\" \/>\n<meta property=\"og:site_name\" content=\"INOX LE\u0160KO\" \/>\n<meta property=\"article:publisher\" content=\"https:\/\/www.facebook.com\/inoxlesko\/\" \/>\n<meta property=\"article:modified_time\" content=\"2025-12-16T10:40:34+00:00\" \/>\n<meta property=\"og:image\" content=\"https:\/\/inox-lesko.com\/wp-content\/uploads\/2025\/05\/PU750-WEB.png\" \/>\n\t<meta property=\"og:image:width\" content=\"450\" \/>\n\t<meta property=\"og:image:height\" content=\"450\" \/>\n\t<meta property=\"og:image:type\" content=\"image\/png\" \/>\n<meta name=\"twitter:card\" content=\"summary_large_image\" \/>\n<meta name=\"twitter:label1\" content=\"Procijenjeno vrijeme \u010ditanja\" \/>\n\t<meta name=\"twitter:data1\" content=\"1 minuta\" \/>\n<script type=\"application\/ld+json\" class=\"yoast-schema-graph\">{\"@context\":\"https:\/\/schema.org\",\"@graph\":[{\"@type\":\"WebPage\",\"@id\":\"https:\/\/inox-lesko.com\/item\/granit-polyurethane-foam-pu-750-600g\/\",\"url\":\"https:\/\/inox-lesko.com\/item\/granit-polyurethane-foam-pu-750-600g\/\",\"name\":\"GRANIT POLYURETHANE FOAM PU750, 600g - INOX LE\u0160KO\",\"isPartOf\":{\"@id\":\"https:\/\/inox-lesko.com\/#website\"},\"primaryImageOfPage\":{\"@id\":\"https:\/\/inox-lesko.com\/item\/granit-polyurethane-foam-pu-750-600g\/#primaryimage\"},\"image\":{\"@id\":\"https:\/\/inox-lesko.com\/item\/granit-polyurethane-foam-pu-750-600g\/#primaryimage\"},\"thumbnailUrl\":\"https:\/\/inox-lesko.com\/wp-content\/uploads\/2025\/05\/PU750-WEB.png\",\"datePublished\":\"2025-05-16T10:01:16+00:00\",\"dateModified\":\"2025-12-16T10:40:34+00:00\",\"breadcrumb\":{\"@id\":\"https:\/\/inox-lesko.com\/item\/granit-polyurethane-foam-pu-750-600g\/#breadcrumb\"},\"inLanguage\":\"hr\",\"potentialAction\":[{\"@type\":\"ReadAction\",\"target\":[\"https:\/\/inox-lesko.com\/item\/granit-polyurethane-foam-pu-750-600g\/\"]}]},{\"@type\":\"ImageObject\",\"inLanguage\":\"hr\",\"@id\":\"https:\/\/inox-lesko.com\/item\/granit-polyurethane-foam-pu-750-600g\/#primaryimage\",\"url\":\"https:\/\/inox-lesko.com\/wp-content\/uploads\/2025\/05\/PU750-WEB.png\",\"contentUrl\":\"https:\/\/inox-lesko.com\/wp-content\/uploads\/2025\/05\/PU750-WEB.png\",\"width\":450,\"height\":450},{\"@type\":\"BreadcrumbList\",\"@id\":\"https:\/\/inox-lesko.com\/item\/granit-polyurethane-foam-pu-750-600g\/#breadcrumb\",\"itemListElement\":[{\"@type\":\"ListItem\",\"position\":1,\"name\":\"Home\",\"item\":\"https:\/\/inox-lesko.com\/en\/\"},{\"@type\":\"ListItem\",\"position\":2,\"name\":\"Shop\",\"item\":\"https:\/\/inox-lesko.com\/shop\/\"},{\"@type\":\"ListItem\",\"position\":3,\"name\":\"GRANIT POLYURETHANE FOAM PU750, 600g\"}]},{\"@type\":\"WebSite\",\"@id\":\"https:\/\/inox-lesko.com\/#website\",\"url\":\"https:\/\/inox-lesko.com\/\",\"name\":\"INOX LE\u0160KO\",\"description\":\"\",\"publisher\":{\"@id\":\"https:\/\/inox-lesko.com\/#organization\"},\"potentialAction\":[{\"@type\":\"SearchAction\",\"target\":{\"@type\":\"EntryPoint\",\"urlTemplate\":\"https:\/\/inox-lesko.com\/?s={search_term_string}\"},\"query-input\":{\"@type\":\"PropertyValueSpecification\",\"valueRequired\":true,\"valueName\":\"search_term_string\"}}],\"inLanguage\":\"hr\"},{\"@type\":\"Organization\",\"@id\":\"https:\/\/inox-lesko.com\/#organization\",\"name\":\"INOX LE\u0160KO\",\"url\":\"https:\/\/inox-lesko.com\/\",\"logo\":{\"@type\":\"ImageObject\",\"inLanguage\":\"hr\",\"@id\":\"https:\/\/inox-lesko.com\/#\/schema\/logo\/image\/\",\"url\":\"https:\/\/inox-lesko.com\/wp-content\/uploads\/2024\/04\/inox_lesko_logo_transparent.png\",\"contentUrl\":\"https:\/\/inox-lesko.com\/wp-content\/uploads\/2024\/04\/inox_lesko_logo_transparent.png\",\"width\":1262,\"height\":509,\"caption\":\"INOX LE\u0160KO\"},\"image\":{\"@id\":\"https:\/\/inox-lesko.com\/#\/schema\/logo\/image\/\"},\"sameAs\":[\"https:\/\/www.facebook.com\/inoxlesko\/\"]}]}<\/script>\n<!-- \/ Yoast SEO plugin. -->","yoast_head_json":{"title":"GRANIT POLYURETHANE FOAM PU750, 600g - INOX LE\u0160KO","robots":{"index":"index","follow":"follow","max-snippet":"max-snippet:-1","max-image-preview":"max-image-preview:large","max-video-preview":"max-video-preview:-1"},"canonical":"https:\/\/inox-lesko.com\/hr\/item\/granit-polyurethane-foam-pu-750-600g\/","og_locale":"hr_HR","og_type":"article","og_title":"GRANIT POLYURETHANE FOAM PU750, 600g - INOX LE\u0160KO","og_description":"ELKAY GRANIT POLYURETHANE FOAM is a single component moisture curing and self expanding polyurethane foam.  It is designed for fixing and insulating of door and window frames; filling and sealing of gaps, joints and cavities; filling of penetrations in walls; insulating electrical outlets and water pipes.  It does not contain any propellant gases that are harmful to the ozone layer.  It provides excellent adhesion and filling capacity with high thermal &amp; acoustical insulation.  Adheres almost all building materials with exception of surfaces such as polyethylene, teflon, silicone and surfaces contaminated with oils, mold release agents etc.  It is mould and water proof.  Usage areas:  All types of Natural &amp; Synthetic\u00a0 Stones - Rubber - Wood - MDF - Metal  Product usage:  Shake the can well before use.  Insert the straw into the valve.  Use the foam by pressing the valve with the box upside down.  Since the foam will expand, the gaps should be partially filled.  &nbsp;  https:\/\/youtu.be\/4tYUkmQAR6c  &nbsp;","og_url":"https:\/\/inox-lesko.com\/hr\/item\/granit-polyurethane-foam-pu-750-600g\/","og_site_name":"INOX LE\u0160KO","article_publisher":"https:\/\/www.facebook.com\/inoxlesko\/","article_modified_time":"2025-12-16T10:40:34+00:00","og_image":[{"width":450,"height":450,"url":"https:\/\/inox-lesko.com\/wp-content\/uploads\/2025\/05\/PU750-WEB.png","type":"image\/png"}],"twitter_card":"summary_large_image","twitter_misc":{"Procijenjeno vrijeme \u010ditanja":"1 minuta"},"schema":{"@context":"https:\/\/schema.org","@graph":[{"@type":"WebPage","@id":"https:\/\/inox-lesko.com\/item\/granit-polyurethane-foam-pu-750-600g\/","url":"https:\/\/inox-lesko.com\/item\/granit-polyurethane-foam-pu-750-600g\/","name":"GRANIT POLYURETHANE FOAM PU750, 600g - INOX LE\u0160KO","isPartOf":{"@id":"https:\/\/inox-lesko.com\/#website"},"primaryImageOfPage":{"@id":"https:\/\/inox-lesko.com\/item\/granit-polyurethane-foam-pu-750-600g\/#primaryimage"},"image":{"@id":"https:\/\/inox-lesko.com\/item\/granit-polyurethane-foam-pu-750-600g\/#primaryimage"},"thumbnailUrl":"https:\/\/inox-lesko.com\/wp-content\/uploads\/2025\/05\/PU750-WEB.png","datePublished":"2025-05-16T10:01:16+00:00","dateModified":"2025-12-16T10:40:34+00:00","breadcrumb":{"@id":"https:\/\/inox-lesko.com\/item\/granit-polyurethane-foam-pu-750-600g\/#breadcrumb"},"inLanguage":"hr","potentialAction":[{"@type":"ReadAction","target":["https:\/\/inox-lesko.com\/item\/granit-polyurethane-foam-pu-750-600g\/"]}]},{"@type":"ImageObject","inLanguage":"hr","@id":"https:\/\/inox-lesko.com\/item\/granit-polyurethane-foam-pu-750-600g\/#primaryimage","url":"https:\/\/inox-lesko.com\/wp-content\/uploads\/2025\/05\/PU750-WEB.png","contentUrl":"https:\/\/inox-lesko.com\/wp-content\/uploads\/2025\/05\/PU750-WEB.png","width":450,"height":450},{"@type":"BreadcrumbList","@id":"https:\/\/inox-lesko.com\/item\/granit-polyurethane-foam-pu-750-600g\/#breadcrumb","itemListElement":[{"@type":"ListItem","position":1,"name":"Home","item":"https:\/\/inox-lesko.com\/en\/"},{"@type":"ListItem","position":2,"name":"Shop","item":"https:\/\/inox-lesko.com\/shop\/"},{"@type":"ListItem","position":3,"name":"GRANIT POLYURETHANE FOAM PU750, 600g"}]},{"@type":"WebSite","@id":"https:\/\/inox-lesko.com\/#website","url":"https:\/\/inox-lesko.com\/","name":"INOX LE\u0160KO","description":"","publisher":{"@id":"https:\/\/inox-lesko.com\/#organization"},"potentialAction":[{"@type":"SearchAction","target":{"@type":"EntryPoint","urlTemplate":"https:\/\/inox-lesko.com\/?s={search_term_string}"},"query-input":{"@type":"PropertyValueSpecification","valueRequired":true,"valueName":"search_term_string"}}],"inLanguage":"hr"},{"@type":"Organization","@id":"https:\/\/inox-lesko.com\/#organization","name":"INOX LE\u0160KO","url":"https:\/\/inox-lesko.com\/","logo":{"@type":"ImageObject","inLanguage":"hr","@id":"https:\/\/inox-lesko.com\/#\/schema\/logo\/image\/","url":"https:\/\/inox-lesko.com\/wp-content\/uploads\/2024\/04\/inox_lesko_logo_transparent.png","contentUrl":"https:\/\/inox-lesko.com\/wp-content\/uploads\/2024\/04\/inox_lesko_logo_transparent.png","width":1262,"height":509,"caption":"INOX LE\u0160KO"},"image":{"@id":"https:\/\/inox-lesko.com\/#\/schema\/logo\/image\/"},"sameAs":["https:\/\/www.facebook.com\/inoxlesko\/"]}]}},"_links":{"self":[{"href":"https:\/\/inox-lesko.com\/hr\/wp-json\/wp\/v2\/product\/4772","targetHints":{"allow":["GET"]}}],"collection":[{"href":"https:\/\/inox-lesko.com\/hr\/wp-json\/wp\/v2\/product"}],"about":[{"href":"https:\/\/inox-lesko.com\/hr\/wp-json\/wp\/v2\/types\/product"}],"wp:featuredmedia":[{"embeddable":true,"href":"https:\/\/inox-lesko.com\/hr\/wp-json\/wp\/v2\/media\/4773"}],"wp:attachment":[{"href":"https:\/\/inox-lesko.com\/hr\/wp-json\/wp\/v2\/media?parent=4772"}],"wp:term":[{"taxonomy":"product_brand","embeddable":true,"href":"https:\/\/inox-lesko.com\/hr\/wp-json\/wp\/v2\/product_brand?post=4772"},{"taxonomy":"product_cat","embeddable":true,"href":"https:\/\/inox-lesko.com\/hr\/wp-json\/wp\/v2\/product_cat?post=4772"},{"taxonomy":"product_tag","embeddable":true,"href":"https:\/\/inox-lesko.com\/hr\/wp-json\/wp\/v2\/product_tag?post=4772"}],"curies":[{"name":"wp","href":"https:\/\/api.w.org\/{rel}","templated":true}]}}