{"id":3463,"date":"2024-05-16T07:13:23","date_gmt":"2024-05-16T07:13:23","guid":{"rendered":"https:\/\/inox-lesko.com\/product\/bottom-guiding-rail-u-zn60x16mmt3mml3m\/"},"modified":"2025-04-16T10:10:53","modified_gmt":"2025-04-16T08:10:53","slug":"bottom-guiding-rail-u-zn60x16mmt3mml3m","status":"publish","type":"product","link":"https:\/\/inox-lesko.com\/hr\/item\/bottom-guiding-rail-u-zn60x16mmt3mml3m\/","title":{"rendered":"Donja vodilica za vrata profil-U Zn,60x16mm,t3mm,L3m"},"content":{"rendered":"","protected":false},"excerpt":{"rendered":"<p>Materijal: \u010delik.povr\u0161inska obrada:cin\u010dano, L: 3000, R: 8<\/p>","protected":false},"featured_media":3464,"template":"","meta":{"_acf_changed":false},"product_brand":[],"product_cat":[26,109,100,110],"product_tag":[],"class_list":{"0":"post-3463","1":"product","2":"type-product","3":"status-publish","4":"has-post-thumbnail","6":"product_cat-gate-accessories","7":"product_cat-rail-tracks","8":"product_cat-rollers-and-rail-tracks","9":"product_cat-type-u","10":"product_shipping_class-fixed-100e","12":"first","13":"instock","14":"taxable","15":"shipping-taxable","16":"purchasable","17":"product-type-simple"},"acf":[],"yoast_head":"<!-- This site is optimized with the Yoast SEO plugin v26.1.1 - https:\/\/yoast.com\/wordpress\/plugins\/seo\/ -->\n<title>Bottom guiding rail-U Zn,60x16mm,t3mm,L3m - INOX LE\u0160KO<\/title>\n<meta name=\"robots\" content=\"index, follow, max-snippet:-1, max-image-preview:large, max-video-preview:-1\" \/>\n<link rel=\"canonical\" href=\"https:\/\/inox-lesko.com\/hr\/item\/bottom-guiding-rail-u-zn60x16mmt3mml3m\/\" \/>\n<meta property=\"og:locale\" content=\"hr_HR\" \/>\n<meta property=\"og:type\" content=\"article\" \/>\n<meta property=\"og:title\" content=\"Bottom guiding rail-U Zn,60x16mm,t3mm,L3m - INOX LE\u0160KO\" \/>\n<meta property=\"og:description\" content=\"Material: Steel, Surface finish: Galvanized, L: 3000, R: 8\" \/>\n<meta property=\"og:url\" content=\"https:\/\/inox-lesko.com\/hr\/item\/bottom-guiding-rail-u-zn60x16mmt3mml3m\/\" \/>\n<meta property=\"og:site_name\" content=\"INOX LE\u0160KO\" \/>\n<meta property=\"article:publisher\" content=\"https:\/\/www.facebook.com\/inoxlesko\/\" \/>\n<meta property=\"article:modified_time\" content=\"2025-04-16T08:10:53+00:00\" \/>\n<meta property=\"og:image\" content=\"https:\/\/inox-lesko.com\/wp-content\/uploads\/2024\/05\/nomenklatura-0100000000012889-41-H_39U.181_nomenklatura-0100000000012889-41-H_39U.181_mediumLF.jpg\" \/>\n\t<meta property=\"og:image:width\" content=\"640\" \/>\n\t<meta property=\"og:image:height\" content=\"480\" \/>\n\t<meta property=\"og:image:type\" content=\"image\/jpeg\" \/>\n<meta name=\"twitter:card\" content=\"summary_large_image\" \/>\n<script type=\"application\/ld+json\" class=\"yoast-schema-graph\">{\"@context\":\"https:\/\/schema.org\",\"@graph\":[{\"@type\":\"WebPage\",\"@id\":\"https:\/\/inox-lesko.com\/item\/bottom-guiding-rail-u-zn60x16mmt3mml3m\/\",\"url\":\"https:\/\/inox-lesko.com\/item\/bottom-guiding-rail-u-zn60x16mmt3mml3m\/\",\"name\":\"Bottom guiding rail-U Zn,60x16mm,t3mm,L3m - INOX LE\u0160KO\",\"isPartOf\":{\"@id\":\"https:\/\/inox-lesko.com\/#website\"},\"primaryImageOfPage\":{\"@id\":\"https:\/\/inox-lesko.com\/item\/bottom-guiding-rail-u-zn60x16mmt3mml3m\/#primaryimage\"},\"image\":{\"@id\":\"https:\/\/inox-lesko.com\/item\/bottom-guiding-rail-u-zn60x16mmt3mml3m\/#primaryimage\"},\"thumbnailUrl\":\"https:\/\/inox-lesko.com\/wp-content\/uploads\/2024\/05\/nomenklatura-0100000000012889-41-H_39U.181_nomenklatura-0100000000012889-41-H_39U.181_mediumLF.jpg\",\"datePublished\":\"2024-05-16T07:13:23+00:00\",\"dateModified\":\"2025-04-16T08:10:53+00:00\",\"breadcrumb\":{\"@id\":\"https:\/\/inox-lesko.com\/item\/bottom-guiding-rail-u-zn60x16mmt3mml3m\/#breadcrumb\"},\"inLanguage\":\"hr\",\"potentialAction\":[{\"@type\":\"ReadAction\",\"target\":[\"https:\/\/inox-lesko.com\/item\/bottom-guiding-rail-u-zn60x16mmt3mml3m\/\"]}]},{\"@type\":\"ImageObject\",\"inLanguage\":\"hr\",\"@id\":\"https:\/\/inox-lesko.com\/item\/bottom-guiding-rail-u-zn60x16mmt3mml3m\/#primaryimage\",\"url\":\"https:\/\/inox-lesko.com\/wp-content\/uploads\/2024\/05\/nomenklatura-0100000000012889-41-H_39U.181_nomenklatura-0100000000012889-41-H_39U.181_mediumLF.jpg\",\"contentUrl\":\"https:\/\/inox-lesko.com\/wp-content\/uploads\/2024\/05\/nomenklatura-0100000000012889-41-H_39U.181_nomenklatura-0100000000012889-41-H_39U.181_mediumLF.jpg\",\"width\":640,\"height\":480},{\"@type\":\"BreadcrumbList\",\"@id\":\"https:\/\/inox-lesko.com\/item\/bottom-guiding-rail-u-zn60x16mmt3mml3m\/#breadcrumb\",\"itemListElement\":[{\"@type\":\"ListItem\",\"position\":1,\"name\":\"Home\",\"item\":\"https:\/\/inox-lesko.com\/en\/\"},{\"@type\":\"ListItem\",\"position\":2,\"name\":\"Shop\",\"item\":\"https:\/\/inox-lesko.com\/shop\/\"},{\"@type\":\"ListItem\",\"position\":3,\"name\":\"Bottom guiding rail-U Zn,60x16mm,t3mm,L3m\"}]},{\"@type\":\"WebSite\",\"@id\":\"https:\/\/inox-lesko.com\/#website\",\"url\":\"https:\/\/inox-lesko.com\/\",\"name\":\"INOX LE\u0160KO\",\"description\":\"\",\"publisher\":{\"@id\":\"https:\/\/inox-lesko.com\/#organization\"},\"potentialAction\":[{\"@type\":\"SearchAction\",\"target\":{\"@type\":\"EntryPoint\",\"urlTemplate\":\"https:\/\/inox-lesko.com\/?s={search_term_string}\"},\"query-input\":{\"@type\":\"PropertyValueSpecification\",\"valueRequired\":true,\"valueName\":\"search_term_string\"}}],\"inLanguage\":\"hr\"},{\"@type\":\"Organization\",\"@id\":\"https:\/\/inox-lesko.com\/#organization\",\"name\":\"INOX LE\u0160KO\",\"url\":\"https:\/\/inox-lesko.com\/\",\"logo\":{\"@type\":\"ImageObject\",\"inLanguage\":\"hr\",\"@id\":\"https:\/\/inox-lesko.com\/#\/schema\/logo\/image\/\",\"url\":\"https:\/\/inox-lesko.com\/wp-content\/uploads\/2024\/04\/inox_lesko_logo_transparent.png\",\"contentUrl\":\"https:\/\/inox-lesko.com\/wp-content\/uploads\/2024\/04\/inox_lesko_logo_transparent.png\",\"width\":1262,\"height\":509,\"caption\":\"INOX LE\u0160KO\"},\"image\":{\"@id\":\"https:\/\/inox-lesko.com\/#\/schema\/logo\/image\/\"},\"sameAs\":[\"https:\/\/www.facebook.com\/inoxlesko\/\"]}]}<\/script>\n<!-- \/ Yoast SEO plugin. -->","yoast_head_json":{"title":"Bottom guiding rail-U Zn,60x16mm,t3mm,L3m - INOX LE\u0160KO","robots":{"index":"index","follow":"follow","max-snippet":"max-snippet:-1","max-image-preview":"max-image-preview:large","max-video-preview":"max-video-preview:-1"},"canonical":"https:\/\/inox-lesko.com\/hr\/item\/bottom-guiding-rail-u-zn60x16mmt3mml3m\/","og_locale":"hr_HR","og_type":"article","og_title":"Bottom guiding rail-U Zn,60x16mm,t3mm,L3m - INOX LE\u0160KO","og_description":"Material: Steel, Surface finish: Galvanized, L: 3000, R: 8","og_url":"https:\/\/inox-lesko.com\/hr\/item\/bottom-guiding-rail-u-zn60x16mmt3mml3m\/","og_site_name":"INOX LE\u0160KO","article_publisher":"https:\/\/www.facebook.com\/inoxlesko\/","article_modified_time":"2025-04-16T08:10:53+00:00","og_image":[{"width":640,"height":480,"url":"https:\/\/inox-lesko.com\/wp-content\/uploads\/2024\/05\/nomenklatura-0100000000012889-41-H_39U.181_nomenklatura-0100000000012889-41-H_39U.181_mediumLF.jpg","type":"image\/jpeg"}],"twitter_card":"summary_large_image","schema":{"@context":"https:\/\/schema.org","@graph":[{"@type":"WebPage","@id":"https:\/\/inox-lesko.com\/item\/bottom-guiding-rail-u-zn60x16mmt3mml3m\/","url":"https:\/\/inox-lesko.com\/item\/bottom-guiding-rail-u-zn60x16mmt3mml3m\/","name":"Bottom guiding rail-U Zn,60x16mm,t3mm,L3m - INOX LE\u0160KO","isPartOf":{"@id":"https:\/\/inox-lesko.com\/#website"},"primaryImageOfPage":{"@id":"https:\/\/inox-lesko.com\/item\/bottom-guiding-rail-u-zn60x16mmt3mml3m\/#primaryimage"},"image":{"@id":"https:\/\/inox-lesko.com\/item\/bottom-guiding-rail-u-zn60x16mmt3mml3m\/#primaryimage"},"thumbnailUrl":"https:\/\/inox-lesko.com\/wp-content\/uploads\/2024\/05\/nomenklatura-0100000000012889-41-H_39U.181_nomenklatura-0100000000012889-41-H_39U.181_mediumLF.jpg","datePublished":"2024-05-16T07:13:23+00:00","dateModified":"2025-04-16T08:10:53+00:00","breadcrumb":{"@id":"https:\/\/inox-lesko.com\/item\/bottom-guiding-rail-u-zn60x16mmt3mml3m\/#breadcrumb"},"inLanguage":"hr","potentialAction":[{"@type":"ReadAction","target":["https:\/\/inox-lesko.com\/item\/bottom-guiding-rail-u-zn60x16mmt3mml3m\/"]}]},{"@type":"ImageObject","inLanguage":"hr","@id":"https:\/\/inox-lesko.com\/item\/bottom-guiding-rail-u-zn60x16mmt3mml3m\/#primaryimage","url":"https:\/\/inox-lesko.com\/wp-content\/uploads\/2024\/05\/nomenklatura-0100000000012889-41-H_39U.181_nomenklatura-0100000000012889-41-H_39U.181_mediumLF.jpg","contentUrl":"https:\/\/inox-lesko.com\/wp-content\/uploads\/2024\/05\/nomenklatura-0100000000012889-41-H_39U.181_nomenklatura-0100000000012889-41-H_39U.181_mediumLF.jpg","width":640,"height":480},{"@type":"BreadcrumbList","@id":"https:\/\/inox-lesko.com\/item\/bottom-guiding-rail-u-zn60x16mmt3mml3m\/#breadcrumb","itemListElement":[{"@type":"ListItem","position":1,"name":"Home","item":"https:\/\/inox-lesko.com\/en\/"},{"@type":"ListItem","position":2,"name":"Shop","item":"https:\/\/inox-lesko.com\/shop\/"},{"@type":"ListItem","position":3,"name":"Bottom guiding rail-U Zn,60x16mm,t3mm,L3m"}]},{"@type":"WebSite","@id":"https:\/\/inox-lesko.com\/#website","url":"https:\/\/inox-lesko.com\/","name":"INOX LE\u0160KO","description":"","publisher":{"@id":"https:\/\/inox-lesko.com\/#organization"},"potentialAction":[{"@type":"SearchAction","target":{"@type":"EntryPoint","urlTemplate":"https:\/\/inox-lesko.com\/?s={search_term_string}"},"query-input":{"@type":"PropertyValueSpecification","valueRequired":true,"valueName":"search_term_string"}}],"inLanguage":"hr"},{"@type":"Organization","@id":"https:\/\/inox-lesko.com\/#organization","name":"INOX LE\u0160KO","url":"https:\/\/inox-lesko.com\/","logo":{"@type":"ImageObject","inLanguage":"hr","@id":"https:\/\/inox-lesko.com\/#\/schema\/logo\/image\/","url":"https:\/\/inox-lesko.com\/wp-content\/uploads\/2024\/04\/inox_lesko_logo_transparent.png","contentUrl":"https:\/\/inox-lesko.com\/wp-content\/uploads\/2024\/04\/inox_lesko_logo_transparent.png","width":1262,"height":509,"caption":"INOX LE\u0160KO"},"image":{"@id":"https:\/\/inox-lesko.com\/#\/schema\/logo\/image\/"},"sameAs":["https:\/\/www.facebook.com\/inoxlesko\/"]}]}},"_links":{"self":[{"href":"https:\/\/inox-lesko.com\/hr\/wp-json\/wp\/v2\/product\/3463","targetHints":{"allow":["GET"]}}],"collection":[{"href":"https:\/\/inox-lesko.com\/hr\/wp-json\/wp\/v2\/product"}],"about":[{"href":"https:\/\/inox-lesko.com\/hr\/wp-json\/wp\/v2\/types\/product"}],"wp:featuredmedia":[{"embeddable":true,"href":"https:\/\/inox-lesko.com\/hr\/wp-json\/wp\/v2\/media\/3464"}],"wp:attachment":[{"href":"https:\/\/inox-lesko.com\/hr\/wp-json\/wp\/v2\/media?parent=3463"}],"wp:term":[{"taxonomy":"product_brand","embeddable":true,"href":"https:\/\/inox-lesko.com\/hr\/wp-json\/wp\/v2\/product_brand?post=3463"},{"taxonomy":"product_cat","embeddable":true,"href":"https:\/\/inox-lesko.com\/hr\/wp-json\/wp\/v2\/product_cat?post=3463"},{"taxonomy":"product_tag","embeddable":true,"href":"https:\/\/inox-lesko.com\/hr\/wp-json\/wp\/v2\/product_tag?post=3463"}],"curies":[{"name":"wp","href":"https:\/\/api.w.org\/{rel}","templated":true}]}}