{"id":3445,"date":"2024-05-16T07:13:05","date_gmt":"2024-05-16T07:13:05","guid":{"rendered":"https:\/\/inox-lesko.com\/product\/postbox-aluminum-255x410mm-a-2\/"},"modified":"2026-02-17T13:38:16","modified_gmt":"2026-02-17T12:38:16","slug":"postbox-aluminum-255x410mm-a-2","status":"publish","type":"product","link":"https:\/\/inox-lesko.com\/hr\/item\/postbox-aluminum-255x410mm-a-2\/","title":{"rendered":"Po\u0161tanski aluminijski sandu\u010di\u0107, 255x410mm"},"content":{"rendered":"","protected":false},"excerpt":{"rendered":"<p>Materijal:aluminij,povr\u0161inska obrada: plastificirano:Bakar<\/p>","protected":false},"featured_media":3446,"template":"","meta":{"_acf_changed":false},"product_brand":[],"product_cat":[85,86,97],"product_tag":[],"class_list":{"0":"post-3445","1":"product","2":"type-product","3":"status-publish","4":"has-post-thumbnail","6":"product_cat-house-garden-paint","7":"product_cat-house-garden","8":"product_cat-mailboxes","10":"first","11":"instock","12":"taxable","13":"shipping-taxable","14":"purchasable","15":"product-type-simple"},"acf":[],"yoast_head":"<!-- This site is optimized with the Yoast SEO plugin v26.1.1 - https:\/\/yoast.com\/wordpress\/plugins\/seo\/ -->\n<title>Postbox aluminum, 255x410mm, A - INOX LE\u0160KO<\/title>\n<meta name=\"robots\" content=\"index, follow, max-snippet:-1, max-image-preview:large, max-video-preview:-1\" \/>\n<link rel=\"canonical\" href=\"https:\/\/inox-lesko.com\/hr\/item\/postbox-aluminum-255x410mm-a-2\/\" \/>\n<meta property=\"og:locale\" content=\"hr_HR\" \/>\n<meta property=\"og:type\" content=\"article\" \/>\n<meta property=\"og:title\" content=\"Postbox aluminum, 255x410mm, A - INOX LE\u0160KO\" \/>\n<meta property=\"og:description\" content=\"Material: Aluminium, Surface finish: Color COPPER\" \/>\n<meta property=\"og:url\" content=\"https:\/\/inox-lesko.com\/hr\/item\/postbox-aluminum-255x410mm-a-2\/\" \/>\n<meta property=\"og:site_name\" content=\"INOX LE\u0160KO\" \/>\n<meta property=\"article:publisher\" content=\"https:\/\/www.facebook.com\/inoxlesko\/\" \/>\n<meta property=\"article:modified_time\" content=\"2026-02-17T12:38:16+00:00\" \/>\n<meta property=\"og:image\" content=\"https:\/\/inox-lesko.com\/wp-content\/uploads\/2024\/05\/nomenklatura-0100000000015517-2-v2-21-cu_nomenklatura-0100000000015517-2-v2-21-cu_mediumLF.jpg\" \/>\n\t<meta property=\"og:image:width\" content=\"640\" \/>\n\t<meta property=\"og:image:height\" content=\"480\" \/>\n\t<meta property=\"og:image:type\" content=\"image\/jpeg\" \/>\n<meta name=\"twitter:card\" content=\"summary_large_image\" \/>\n<script type=\"application\/ld+json\" class=\"yoast-schema-graph\">{\"@context\":\"https:\/\/schema.org\",\"@graph\":[{\"@type\":\"WebPage\",\"@id\":\"https:\/\/inox-lesko.com\/item\/postbox-aluminum-255x410mm-a-2\/\",\"url\":\"https:\/\/inox-lesko.com\/item\/postbox-aluminum-255x410mm-a-2\/\",\"name\":\"Postbox aluminum, 255x410mm, A - INOX LE\u0160KO\",\"isPartOf\":{\"@id\":\"https:\/\/inox-lesko.com\/#website\"},\"primaryImageOfPage\":{\"@id\":\"https:\/\/inox-lesko.com\/item\/postbox-aluminum-255x410mm-a-2\/#primaryimage\"},\"image\":{\"@id\":\"https:\/\/inox-lesko.com\/item\/postbox-aluminum-255x410mm-a-2\/#primaryimage\"},\"thumbnailUrl\":\"https:\/\/inox-lesko.com\/wp-content\/uploads\/2024\/05\/nomenklatura-0100000000015517-2-v2-21-cu_nomenklatura-0100000000015517-2-v2-21-cu_mediumLF.jpg\",\"datePublished\":\"2024-05-16T07:13:05+00:00\",\"dateModified\":\"2026-02-17T12:38:16+00:00\",\"breadcrumb\":{\"@id\":\"https:\/\/inox-lesko.com\/item\/postbox-aluminum-255x410mm-a-2\/#breadcrumb\"},\"inLanguage\":\"hr\",\"potentialAction\":[{\"@type\":\"ReadAction\",\"target\":[\"https:\/\/inox-lesko.com\/item\/postbox-aluminum-255x410mm-a-2\/\"]}]},{\"@type\":\"ImageObject\",\"inLanguage\":\"hr\",\"@id\":\"https:\/\/inox-lesko.com\/item\/postbox-aluminum-255x410mm-a-2\/#primaryimage\",\"url\":\"https:\/\/inox-lesko.com\/wp-content\/uploads\/2024\/05\/nomenklatura-0100000000015517-2-v2-21-cu_nomenklatura-0100000000015517-2-v2-21-cu_mediumLF.jpg\",\"contentUrl\":\"https:\/\/inox-lesko.com\/wp-content\/uploads\/2024\/05\/nomenklatura-0100000000015517-2-v2-21-cu_nomenklatura-0100000000015517-2-v2-21-cu_mediumLF.jpg\",\"width\":640,\"height\":480},{\"@type\":\"BreadcrumbList\",\"@id\":\"https:\/\/inox-lesko.com\/item\/postbox-aluminum-255x410mm-a-2\/#breadcrumb\",\"itemListElement\":[{\"@type\":\"ListItem\",\"position\":1,\"name\":\"Home\",\"item\":\"https:\/\/inox-lesko.com\/en\/\"},{\"@type\":\"ListItem\",\"position\":2,\"name\":\"Shop\",\"item\":\"https:\/\/inox-lesko.com\/shop\/\"},{\"@type\":\"ListItem\",\"position\":3,\"name\":\"Postbox aluminum, 255x410mm, A\"}]},{\"@type\":\"WebSite\",\"@id\":\"https:\/\/inox-lesko.com\/#website\",\"url\":\"https:\/\/inox-lesko.com\/\",\"name\":\"INOX LE\u0160KO\",\"description\":\"\",\"publisher\":{\"@id\":\"https:\/\/inox-lesko.com\/#organization\"},\"potentialAction\":[{\"@type\":\"SearchAction\",\"target\":{\"@type\":\"EntryPoint\",\"urlTemplate\":\"https:\/\/inox-lesko.com\/?s={search_term_string}\"},\"query-input\":{\"@type\":\"PropertyValueSpecification\",\"valueRequired\":true,\"valueName\":\"search_term_string\"}}],\"inLanguage\":\"hr\"},{\"@type\":\"Organization\",\"@id\":\"https:\/\/inox-lesko.com\/#organization\",\"name\":\"INOX LE\u0160KO\",\"url\":\"https:\/\/inox-lesko.com\/\",\"logo\":{\"@type\":\"ImageObject\",\"inLanguage\":\"hr\",\"@id\":\"https:\/\/inox-lesko.com\/#\/schema\/logo\/image\/\",\"url\":\"https:\/\/inox-lesko.com\/wp-content\/uploads\/2024\/04\/inox_lesko_logo_transparent.png\",\"contentUrl\":\"https:\/\/inox-lesko.com\/wp-content\/uploads\/2024\/04\/inox_lesko_logo_transparent.png\",\"width\":1262,\"height\":509,\"caption\":\"INOX LE\u0160KO\"},\"image\":{\"@id\":\"https:\/\/inox-lesko.com\/#\/schema\/logo\/image\/\"},\"sameAs\":[\"https:\/\/www.facebook.com\/inoxlesko\/\"]}]}<\/script>\n<!-- \/ Yoast SEO plugin. -->","yoast_head_json":{"title":"Postbox aluminum, 255x410mm, A - INOX LE\u0160KO","robots":{"index":"index","follow":"follow","max-snippet":"max-snippet:-1","max-image-preview":"max-image-preview:large","max-video-preview":"max-video-preview:-1"},"canonical":"https:\/\/inox-lesko.com\/hr\/item\/postbox-aluminum-255x410mm-a-2\/","og_locale":"hr_HR","og_type":"article","og_title":"Postbox aluminum, 255x410mm, A - INOX LE\u0160KO","og_description":"Material: Aluminium, Surface finish: Color COPPER","og_url":"https:\/\/inox-lesko.com\/hr\/item\/postbox-aluminum-255x410mm-a-2\/","og_site_name":"INOX LE\u0160KO","article_publisher":"https:\/\/www.facebook.com\/inoxlesko\/","article_modified_time":"2026-02-17T12:38:16+00:00","og_image":[{"width":640,"height":480,"url":"https:\/\/inox-lesko.com\/wp-content\/uploads\/2024\/05\/nomenklatura-0100000000015517-2-v2-21-cu_nomenklatura-0100000000015517-2-v2-21-cu_mediumLF.jpg","type":"image\/jpeg"}],"twitter_card":"summary_large_image","schema":{"@context":"https:\/\/schema.org","@graph":[{"@type":"WebPage","@id":"https:\/\/inox-lesko.com\/item\/postbox-aluminum-255x410mm-a-2\/","url":"https:\/\/inox-lesko.com\/item\/postbox-aluminum-255x410mm-a-2\/","name":"Postbox aluminum, 255x410mm, A - INOX LE\u0160KO","isPartOf":{"@id":"https:\/\/inox-lesko.com\/#website"},"primaryImageOfPage":{"@id":"https:\/\/inox-lesko.com\/item\/postbox-aluminum-255x410mm-a-2\/#primaryimage"},"image":{"@id":"https:\/\/inox-lesko.com\/item\/postbox-aluminum-255x410mm-a-2\/#primaryimage"},"thumbnailUrl":"https:\/\/inox-lesko.com\/wp-content\/uploads\/2024\/05\/nomenklatura-0100000000015517-2-v2-21-cu_nomenklatura-0100000000015517-2-v2-21-cu_mediumLF.jpg","datePublished":"2024-05-16T07:13:05+00:00","dateModified":"2026-02-17T12:38:16+00:00","breadcrumb":{"@id":"https:\/\/inox-lesko.com\/item\/postbox-aluminum-255x410mm-a-2\/#breadcrumb"},"inLanguage":"hr","potentialAction":[{"@type":"ReadAction","target":["https:\/\/inox-lesko.com\/item\/postbox-aluminum-255x410mm-a-2\/"]}]},{"@type":"ImageObject","inLanguage":"hr","@id":"https:\/\/inox-lesko.com\/item\/postbox-aluminum-255x410mm-a-2\/#primaryimage","url":"https:\/\/inox-lesko.com\/wp-content\/uploads\/2024\/05\/nomenklatura-0100000000015517-2-v2-21-cu_nomenklatura-0100000000015517-2-v2-21-cu_mediumLF.jpg","contentUrl":"https:\/\/inox-lesko.com\/wp-content\/uploads\/2024\/05\/nomenklatura-0100000000015517-2-v2-21-cu_nomenklatura-0100000000015517-2-v2-21-cu_mediumLF.jpg","width":640,"height":480},{"@type":"BreadcrumbList","@id":"https:\/\/inox-lesko.com\/item\/postbox-aluminum-255x410mm-a-2\/#breadcrumb","itemListElement":[{"@type":"ListItem","position":1,"name":"Home","item":"https:\/\/inox-lesko.com\/en\/"},{"@type":"ListItem","position":2,"name":"Shop","item":"https:\/\/inox-lesko.com\/shop\/"},{"@type":"ListItem","position":3,"name":"Postbox aluminum, 255x410mm, A"}]},{"@type":"WebSite","@id":"https:\/\/inox-lesko.com\/#website","url":"https:\/\/inox-lesko.com\/","name":"INOX LE\u0160KO","description":"","publisher":{"@id":"https:\/\/inox-lesko.com\/#organization"},"potentialAction":[{"@type":"SearchAction","target":{"@type":"EntryPoint","urlTemplate":"https:\/\/inox-lesko.com\/?s={search_term_string}"},"query-input":{"@type":"PropertyValueSpecification","valueRequired":true,"valueName":"search_term_string"}}],"inLanguage":"hr"},{"@type":"Organization","@id":"https:\/\/inox-lesko.com\/#organization","name":"INOX LE\u0160KO","url":"https:\/\/inox-lesko.com\/","logo":{"@type":"ImageObject","inLanguage":"hr","@id":"https:\/\/inox-lesko.com\/#\/schema\/logo\/image\/","url":"https:\/\/inox-lesko.com\/wp-content\/uploads\/2024\/04\/inox_lesko_logo_transparent.png","contentUrl":"https:\/\/inox-lesko.com\/wp-content\/uploads\/2024\/04\/inox_lesko_logo_transparent.png","width":1262,"height":509,"caption":"INOX LE\u0160KO"},"image":{"@id":"https:\/\/inox-lesko.com\/#\/schema\/logo\/image\/"},"sameAs":["https:\/\/www.facebook.com\/inoxlesko\/"]}]}},"_links":{"self":[{"href":"https:\/\/inox-lesko.com\/hr\/wp-json\/wp\/v2\/product\/3445","targetHints":{"allow":["GET"]}}],"collection":[{"href":"https:\/\/inox-lesko.com\/hr\/wp-json\/wp\/v2\/product"}],"about":[{"href":"https:\/\/inox-lesko.com\/hr\/wp-json\/wp\/v2\/types\/product"}],"wp:featuredmedia":[{"embeddable":true,"href":"https:\/\/inox-lesko.com\/hr\/wp-json\/wp\/v2\/media\/3446"}],"wp:attachment":[{"href":"https:\/\/inox-lesko.com\/hr\/wp-json\/wp\/v2\/media?parent=3445"}],"wp:term":[{"taxonomy":"product_brand","embeddable":true,"href":"https:\/\/inox-lesko.com\/hr\/wp-json\/wp\/v2\/product_brand?post=3445"},{"taxonomy":"product_cat","embeddable":true,"href":"https:\/\/inox-lesko.com\/hr\/wp-json\/wp\/v2\/product_cat?post=3445"},{"taxonomy":"product_tag","embeddable":true,"href":"https:\/\/inox-lesko.com\/hr\/wp-json\/wp\/v2\/product_tag?post=3445"}],"curies":[{"name":"wp","href":"https:\/\/api.w.org\/{rel}","templated":true}]}}