{"id":3170,"date":"2024-05-16T07:10:41","date_gmt":"2024-05-16T07:10:41","guid":{"rendered":"https:\/\/inox-lesko.com\/product\/doorknob-d60mm-d19mm-zn\/"},"modified":"2026-02-13T14:28:16","modified_gmt":"2026-02-13T13:28:16","slug":"doorknob-d60mm-d19mm-zn","status":"publish","type":"product","link":"https:\/\/inox-lesko.com\/hr\/item\/doorknob-d60mm-d19mm-zn\/","title":{"rendered":"Kvaka D60mm, d19mm, Zn"},"content":{"rendered":"","protected":false},"excerpt":{"rendered":"<p>Materijal:\u010delik,povr\u0161inska obrada:cin\u010dano<\/p>","protected":false},"featured_media":3171,"template":"","meta":{"_acf_changed":false},"product_brand":[],"product_cat":[26,39,34],"product_tag":[],"class_list":{"0":"post-3170","1":"product","2":"type-product","3":"status-publish","4":"has-post-thumbnail","6":"product_cat-gate-accessories","7":"product_cat-wrought-iron-ball","8":"product_cat-wrought-iron-handles","10":"first","11":"instock","12":"taxable","13":"shipping-taxable","14":"purchasable","15":"product-type-simple"},"acf":[],"yoast_head":"<!-- This site is optimized with the Yoast SEO plugin v26.1.1 - https:\/\/yoast.com\/wordpress\/plugins\/seo\/ -->\n<title>Doorknob D60mm, d19mm, Zn - INOX LE\u0160KO<\/title>\n<meta name=\"robots\" content=\"index, follow, max-snippet:-1, max-image-preview:large, max-video-preview:-1\" \/>\n<link rel=\"canonical\" href=\"https:\/\/inox-lesko.com\/hr\/item\/doorknob-d60mm-d19mm-zn\/\" \/>\n<meta property=\"og:locale\" content=\"hr_HR\" \/>\n<meta property=\"og:type\" content=\"article\" \/>\n<meta property=\"og:title\" content=\"Doorknob D60mm, d19mm, Zn - INOX LE\u0160KO\" \/>\n<meta property=\"og:description\" content=\"Material: Steel, Surface finish: Galvanized\" \/>\n<meta property=\"og:url\" content=\"https:\/\/inox-lesko.com\/hr\/item\/doorknob-d60mm-d19mm-zn\/\" \/>\n<meta property=\"og:site_name\" content=\"INOX LE\u0160KO\" \/>\n<meta property=\"article:publisher\" content=\"https:\/\/www.facebook.com\/inoxlesko\/\" \/>\n<meta property=\"article:modified_time\" content=\"2026-02-13T13:28:16+00:00\" \/>\n<meta property=\"og:image\" content=\"https:\/\/inox-lesko.com\/wp-content\/uploads\/2024\/05\/nomenklatura-0100000000015786-11-D5_11_Zn_nomenklatura-0100000000015786-11-D5_11_Zn_mediumLF.jpg\" \/>\n\t<meta property=\"og:image:width\" content=\"640\" \/>\n\t<meta property=\"og:image:height\" content=\"480\" \/>\n\t<meta property=\"og:image:type\" content=\"image\/jpeg\" \/>\n<meta name=\"twitter:card\" content=\"summary_large_image\" \/>\n<script type=\"application\/ld+json\" class=\"yoast-schema-graph\">{\"@context\":\"https:\/\/schema.org\",\"@graph\":[{\"@type\":\"WebPage\",\"@id\":\"https:\/\/inox-lesko.com\/item\/doorknob-d60mm-d19mm-zn\/\",\"url\":\"https:\/\/inox-lesko.com\/item\/doorknob-d60mm-d19mm-zn\/\",\"name\":\"Doorknob D60mm, d19mm, Zn - INOX LE\u0160KO\",\"isPartOf\":{\"@id\":\"https:\/\/inox-lesko.com\/#website\"},\"primaryImageOfPage\":{\"@id\":\"https:\/\/inox-lesko.com\/item\/doorknob-d60mm-d19mm-zn\/#primaryimage\"},\"image\":{\"@id\":\"https:\/\/inox-lesko.com\/item\/doorknob-d60mm-d19mm-zn\/#primaryimage\"},\"thumbnailUrl\":\"https:\/\/inox-lesko.com\/wp-content\/uploads\/2024\/05\/nomenklatura-0100000000015786-11-D5_11_Zn_nomenklatura-0100000000015786-11-D5_11_Zn_mediumLF.jpg\",\"datePublished\":\"2024-05-16T07:10:41+00:00\",\"dateModified\":\"2026-02-13T13:28:16+00:00\",\"breadcrumb\":{\"@id\":\"https:\/\/inox-lesko.com\/item\/doorknob-d60mm-d19mm-zn\/#breadcrumb\"},\"inLanguage\":\"hr\",\"potentialAction\":[{\"@type\":\"ReadAction\",\"target\":[\"https:\/\/inox-lesko.com\/item\/doorknob-d60mm-d19mm-zn\/\"]}]},{\"@type\":\"ImageObject\",\"inLanguage\":\"hr\",\"@id\":\"https:\/\/inox-lesko.com\/item\/doorknob-d60mm-d19mm-zn\/#primaryimage\",\"url\":\"https:\/\/inox-lesko.com\/wp-content\/uploads\/2024\/05\/nomenklatura-0100000000015786-11-D5_11_Zn_nomenklatura-0100000000015786-11-D5_11_Zn_mediumLF.jpg\",\"contentUrl\":\"https:\/\/inox-lesko.com\/wp-content\/uploads\/2024\/05\/nomenklatura-0100000000015786-11-D5_11_Zn_nomenklatura-0100000000015786-11-D5_11_Zn_mediumLF.jpg\",\"width\":640,\"height\":480},{\"@type\":\"BreadcrumbList\",\"@id\":\"https:\/\/inox-lesko.com\/item\/doorknob-d60mm-d19mm-zn\/#breadcrumb\",\"itemListElement\":[{\"@type\":\"ListItem\",\"position\":1,\"name\":\"Home\",\"item\":\"https:\/\/inox-lesko.com\/en\/\"},{\"@type\":\"ListItem\",\"position\":2,\"name\":\"Shop\",\"item\":\"https:\/\/inox-lesko.com\/shop\/\"},{\"@type\":\"ListItem\",\"position\":3,\"name\":\"Doorknob D60mm, d19mm, Zn\"}]},{\"@type\":\"WebSite\",\"@id\":\"https:\/\/inox-lesko.com\/#website\",\"url\":\"https:\/\/inox-lesko.com\/\",\"name\":\"INOX LE\u0160KO\",\"description\":\"\",\"publisher\":{\"@id\":\"https:\/\/inox-lesko.com\/#organization\"},\"potentialAction\":[{\"@type\":\"SearchAction\",\"target\":{\"@type\":\"EntryPoint\",\"urlTemplate\":\"https:\/\/inox-lesko.com\/?s={search_term_string}\"},\"query-input\":{\"@type\":\"PropertyValueSpecification\",\"valueRequired\":true,\"valueName\":\"search_term_string\"}}],\"inLanguage\":\"hr\"},{\"@type\":\"Organization\",\"@id\":\"https:\/\/inox-lesko.com\/#organization\",\"name\":\"INOX LE\u0160KO\",\"url\":\"https:\/\/inox-lesko.com\/\",\"logo\":{\"@type\":\"ImageObject\",\"inLanguage\":\"hr\",\"@id\":\"https:\/\/inox-lesko.com\/#\/schema\/logo\/image\/\",\"url\":\"https:\/\/inox-lesko.com\/wp-content\/uploads\/2024\/04\/inox_lesko_logo_transparent.png\",\"contentUrl\":\"https:\/\/inox-lesko.com\/wp-content\/uploads\/2024\/04\/inox_lesko_logo_transparent.png\",\"width\":1262,\"height\":509,\"caption\":\"INOX LE\u0160KO\"},\"image\":{\"@id\":\"https:\/\/inox-lesko.com\/#\/schema\/logo\/image\/\"},\"sameAs\":[\"https:\/\/www.facebook.com\/inoxlesko\/\"]}]}<\/script>\n<!-- \/ Yoast SEO plugin. -->","yoast_head_json":{"title":"Doorknob D60mm, d19mm, Zn - INOX LE\u0160KO","robots":{"index":"index","follow":"follow","max-snippet":"max-snippet:-1","max-image-preview":"max-image-preview:large","max-video-preview":"max-video-preview:-1"},"canonical":"https:\/\/inox-lesko.com\/hr\/item\/doorknob-d60mm-d19mm-zn\/","og_locale":"hr_HR","og_type":"article","og_title":"Doorknob D60mm, d19mm, Zn - INOX LE\u0160KO","og_description":"Material: Steel, Surface finish: Galvanized","og_url":"https:\/\/inox-lesko.com\/hr\/item\/doorknob-d60mm-d19mm-zn\/","og_site_name":"INOX LE\u0160KO","article_publisher":"https:\/\/www.facebook.com\/inoxlesko\/","article_modified_time":"2026-02-13T13:28:16+00:00","og_image":[{"width":640,"height":480,"url":"https:\/\/inox-lesko.com\/wp-content\/uploads\/2024\/05\/nomenklatura-0100000000015786-11-D5_11_Zn_nomenklatura-0100000000015786-11-D5_11_Zn_mediumLF.jpg","type":"image\/jpeg"}],"twitter_card":"summary_large_image","schema":{"@context":"https:\/\/schema.org","@graph":[{"@type":"WebPage","@id":"https:\/\/inox-lesko.com\/item\/doorknob-d60mm-d19mm-zn\/","url":"https:\/\/inox-lesko.com\/item\/doorknob-d60mm-d19mm-zn\/","name":"Doorknob D60mm, d19mm, Zn - INOX LE\u0160KO","isPartOf":{"@id":"https:\/\/inox-lesko.com\/#website"},"primaryImageOfPage":{"@id":"https:\/\/inox-lesko.com\/item\/doorknob-d60mm-d19mm-zn\/#primaryimage"},"image":{"@id":"https:\/\/inox-lesko.com\/item\/doorknob-d60mm-d19mm-zn\/#primaryimage"},"thumbnailUrl":"https:\/\/inox-lesko.com\/wp-content\/uploads\/2024\/05\/nomenklatura-0100000000015786-11-D5_11_Zn_nomenklatura-0100000000015786-11-D5_11_Zn_mediumLF.jpg","datePublished":"2024-05-16T07:10:41+00:00","dateModified":"2026-02-13T13:28:16+00:00","breadcrumb":{"@id":"https:\/\/inox-lesko.com\/item\/doorknob-d60mm-d19mm-zn\/#breadcrumb"},"inLanguage":"hr","potentialAction":[{"@type":"ReadAction","target":["https:\/\/inox-lesko.com\/item\/doorknob-d60mm-d19mm-zn\/"]}]},{"@type":"ImageObject","inLanguage":"hr","@id":"https:\/\/inox-lesko.com\/item\/doorknob-d60mm-d19mm-zn\/#primaryimage","url":"https:\/\/inox-lesko.com\/wp-content\/uploads\/2024\/05\/nomenklatura-0100000000015786-11-D5_11_Zn_nomenklatura-0100000000015786-11-D5_11_Zn_mediumLF.jpg","contentUrl":"https:\/\/inox-lesko.com\/wp-content\/uploads\/2024\/05\/nomenklatura-0100000000015786-11-D5_11_Zn_nomenklatura-0100000000015786-11-D5_11_Zn_mediumLF.jpg","width":640,"height":480},{"@type":"BreadcrumbList","@id":"https:\/\/inox-lesko.com\/item\/doorknob-d60mm-d19mm-zn\/#breadcrumb","itemListElement":[{"@type":"ListItem","position":1,"name":"Home","item":"https:\/\/inox-lesko.com\/en\/"},{"@type":"ListItem","position":2,"name":"Shop","item":"https:\/\/inox-lesko.com\/shop\/"},{"@type":"ListItem","position":3,"name":"Doorknob D60mm, d19mm, Zn"}]},{"@type":"WebSite","@id":"https:\/\/inox-lesko.com\/#website","url":"https:\/\/inox-lesko.com\/","name":"INOX LE\u0160KO","description":"","publisher":{"@id":"https:\/\/inox-lesko.com\/#organization"},"potentialAction":[{"@type":"SearchAction","target":{"@type":"EntryPoint","urlTemplate":"https:\/\/inox-lesko.com\/?s={search_term_string}"},"query-input":{"@type":"PropertyValueSpecification","valueRequired":true,"valueName":"search_term_string"}}],"inLanguage":"hr"},{"@type":"Organization","@id":"https:\/\/inox-lesko.com\/#organization","name":"INOX LE\u0160KO","url":"https:\/\/inox-lesko.com\/","logo":{"@type":"ImageObject","inLanguage":"hr","@id":"https:\/\/inox-lesko.com\/#\/schema\/logo\/image\/","url":"https:\/\/inox-lesko.com\/wp-content\/uploads\/2024\/04\/inox_lesko_logo_transparent.png","contentUrl":"https:\/\/inox-lesko.com\/wp-content\/uploads\/2024\/04\/inox_lesko_logo_transparent.png","width":1262,"height":509,"caption":"INOX LE\u0160KO"},"image":{"@id":"https:\/\/inox-lesko.com\/#\/schema\/logo\/image\/"},"sameAs":["https:\/\/www.facebook.com\/inoxlesko\/"]}]}},"_links":{"self":[{"href":"https:\/\/inox-lesko.com\/hr\/wp-json\/wp\/v2\/product\/3170","targetHints":{"allow":["GET"]}}],"collection":[{"href":"https:\/\/inox-lesko.com\/hr\/wp-json\/wp\/v2\/product"}],"about":[{"href":"https:\/\/inox-lesko.com\/hr\/wp-json\/wp\/v2\/types\/product"}],"wp:featuredmedia":[{"embeddable":true,"href":"https:\/\/inox-lesko.com\/hr\/wp-json\/wp\/v2\/media\/3171"}],"wp:attachment":[{"href":"https:\/\/inox-lesko.com\/hr\/wp-json\/wp\/v2\/media?parent=3170"}],"wp:term":[{"taxonomy":"product_brand","embeddable":true,"href":"https:\/\/inox-lesko.com\/hr\/wp-json\/wp\/v2\/product_brand?post=3170"},{"taxonomy":"product_cat","embeddable":true,"href":"https:\/\/inox-lesko.com\/hr\/wp-json\/wp\/v2\/product_cat?post=3170"},{"taxonomy":"product_tag","embeddable":true,"href":"https:\/\/inox-lesko.com\/hr\/wp-json\/wp\/v2\/product_tag?post=3170"}],"curies":[{"name":"wp","href":"https:\/\/api.w.org\/{rel}","templated":true}]}}