{"id":4282,"date":"2024-09-30T10:58:02","date_gmt":"2024-09-30T08:58:02","guid":{"rendered":"https:\/\/inox-lesko.com\/?page_id=4282"},"modified":"2024-10-10T14:01:47","modified_gmt":"2024-10-10T12:01:47","slug":"security-of-online-payments","status":"publish","type":"page","link":"https:\/\/inox-lesko.com\/en\/security-of-online-payments\/","title":{"rendered":"Security of Online Payments"},"content":{"rendered":"\t\t<div data-elementor-type=\"wp-page\" data-elementor-id=\"4282\" class=\"elementor elementor-4282\" data-elementor-post-type=\"page\">\n\t\t\t\t\t\t<section class=\"elementor-section elementor-top-section elementor-element elementor-element-c37cbe2 elementor-section-boxed elementor-section-height-default elementor-section-height-default\" data-id=\"c37cbe2\" data-element_type=\"section\">\n\t\t\t\t\t\t<div class=\"elementor-container elementor-column-gap-no\">\n\t\t\t\t\t<div class=\"elementor-column elementor-col-100 elementor-top-column elementor-element elementor-element-c5ff0c2\" data-id=\"c5ff0c2\" data-element_type=\"column\">\n\t\t\t<div class=\"elementor-widget-wrap elementor-element-populated\">\n\t\t\t\t\t\t<div class=\"elementor-element elementor-element-4969369 elementor-widget elementor-widget-heading\" data-id=\"4969369\" data-element_type=\"widget\" data-widget_type=\"heading.default\">\n\t\t\t\t<div class=\"elementor-widget-container\">\n\t\t\t\t\t<h2 class=\"elementor-heading-title elementor-size-default\">Izjava o sigurnosti online pla\u0107anja<\/h2>\t\t\t\t<\/div>\n\t\t\t\t<\/div>\n\t\t\t\t<div class=\"elementor-element elementor-element-c44ce43 elementor-widget elementor-widget-text-editor\" data-id=\"c44ce43\" data-element_type=\"widget\" data-widget_type=\"text-editor.default\">\n\t\t\t\t<div class=\"elementor-widget-container\">\n\t\t\t\t\t\t\t\t\t<p>Pri pla\u0107anju na na\u0161oj web trgovini koristite CorvusPay \u2013 napredni sustav za siguran prihvat platnih kartica putem interneta.<\/p><p>CorvusPay sustav osigurava potpunu tajnost Va\u0161ih karti\u010dnih i osobnih podataka ve\u0107 od trenutka kada ih upi\u0161ete u CorvusPay platni formular. Platni podaci proslje\u0111uju se \u0161ifrirano od Va\u0161eg web preglednika do banke koja je izdala Va\u0161u karticu. Na\u0161a trgovina nikada ne dolazi u kontakt s cjelovitim podacima o Va\u0161oj platnoj kartici. Tako\u0111er, podaci su nedostupni \u010dak i djelatnicima CorvusPay sustava. Izolirana jezgra samostalno prenosi i upravlja osjetljivim podacima, \u010duvaju\u0107i ih pri tom potpuno sigurnima.<\/p><p>Formular za upis platnih podataka osiguran je SSL transportnom \u0161ifrom najve\u0107e pouzdanosti. Svi skladi\u0161teni podaci dodatno su za\u0161ti\u0107eni \u0161ifriranjem, kori\u0161tenjem kriptografskog ure\u0111aja certificiranog prema FIPS 140-2 Level 3 standardu. CorvusPay zadovoljava sve zahtjeve vezane uz sigurnost on-line pla\u0107anja propisane od strane vode\u0107ih karti\u010dnih brandova, odnosno posluje sukladno normi \u2013 PCI DSS Level 1 \u2013 najvi\u0161i sigurnosni standard industrije platnih kartica. Pri pla\u0107anju karticama uvr\u0161tenim u 3-D Secure program Va\u0161a banka uz valjanost same kartice dodatno potvr\u0111uje i Va\u0161 identitet pomo\u0107u tokena ili lozinke.<\/p><p>Corvus Pay sve prikupljene informacije smatra tajnom i tretira ih u skladu s tim. Informacije se koriste isklju\u010divo u svrhe za koje su namijenjene. Va\u0161i osjetljivi podaci u potpunosti su sigurni, a njihova privatnost zajam\u010dena je najmodernijim za\u0161titnim mehanizmima. Prikupljaju se samo podaci nu\u017eni za obavljanje posla sukladno propisanim zahtjevnim procedurama za on-line pla\u0107anje.<\/p><p>Sigurnosne kontrole i operativne procedure primijenjene na na\u0161u infrastrukturu osiguravaju trenutnu pouzdanost CorvusPay sustava. Uz to odr\u017eavanjem stroge kontrole pristupa, redovitim pra\u0107enjem sigurnosti i dubinskim provjerama za sprje\u010davanje ranjivosti mre\u017ee te planskim provo\u0111enjem odredbi o informacijskoj sigurnosti trajno odr\u017eavaju i unaprje\u0111uju stupanj sigurnosti sustava za\u0161titom Va\u0161ih karti\u010dnih podataka.<\/p><p>Hvala \u0161to koristite CorvusPay!<\/p>\t\t\t\t\t\t\t\t<\/div>\n\t\t\t\t<\/div>\n\t\t\t\t<div class=\"elementor-element elementor-element-998269a elementor-widget elementor-widget-heading\" data-id=\"998269a\" data-element_type=\"widget\" data-widget_type=\"heading.default\">\n\t\t\t\t<div class=\"elementor-widget-container\">\n\t\t\t\t\t<h2 class=\"elementor-heading-title elementor-size-default\">Security of Online Payments<\/h2>\t\t\t\t<\/div>\n\t\t\t\t<\/div>\n\t\t\t\t<div class=\"elementor-element elementor-element-0703ed1 elementor-widget elementor-widget-text-editor\" data-id=\"0703ed1\" data-element_type=\"widget\" data-widget_type=\"text-editor.default\">\n\t\t\t\t<div class=\"elementor-widget-container\">\n\t\t\t\t\t\t\t\t\t<p>While conducting payments on our web shop you are using CorvusPay \u2013 an advanced system for secure acceptance of credit cards on the Internet.<br \/><br \/>CorvusPay system ensures complete privacy of your credit card data and personal data from the moment you type them into the CorvusPay payment form. Data required for billing is forwarded encrypted from your web browser to the bank that issued your payment card. Our store never comes into contact with your sensitive payment card data. Similarly, CorvusPay operators cannot access your complete cardholder data. An isolated system core independently transmits and manages sensitive data while at the same time keeping it completely safe.<br \/><br \/>The form for entering payment data is secured by an SSL transmission cipher of the greatest reliability. All stored data is additionally protected by hi-grade encryption, using hardware devices certified by FIPS 140 2 Level 3 standard. CorvusPay fulfills all of the requirements for safe online payment prescribed by the leading credit card brands, operating in compliance to the PCI DSS Level 1 standard \u2013 the highest security standard of the payment card industry. Payments made by cards enroled with the 3-D Secure program are further authenticated by the issuing bank, confirming your identity through the use of a token or a password.<br \/><br \/>All information collected by Corvus Pay is considered a secret and treated accordingly. The information is used exclusively for the purposes for which they were intended. Your sensitive data is fully secure and it\u2019s privacy is guaranteed by the state of the art safeguard mechanisms. We collect only the data necessary for performing the work in accordance with the demanding prescribed procedures for online payment.<br \/><br \/>Security controls and operating procedures applied within the CorvusPay infrastructure not only ensure current reliability of CorvusPay but permanently maintain and enhance the security levels of protecting your credit card information by maintaining strict access controls, regular security and in-depth system checks for preventing network vulnerabilities.<br \/><br \/>Thank you for using CorvusPay!<\/p>\t\t\t\t\t\t\t\t<\/div>\n\t\t\t\t<\/div>\n\t\t<div class=\"elementor-element elementor-element-cfb90af e-grid e-con-boxed e-con e-parent\" data-id=\"cfb90af\" data-element_type=\"container\">\n\t\t\t\t\t<div class=\"e-con-inner\">\n\t\t\t\t<div class=\"elementor-element elementor-element-fe70236 elementor-widget__width-auto elementor-widget elementor-widget-image\" data-id=\"fe70236\" data-element_type=\"widget\" data-widget_type=\"image.default\">\n\t\t\t\t<div class=\"elementor-widget-container\">\n\t\t\t\t\t\t\t\t\t\t\t\t\t\t\t\t<a href=\"https:\/\/www.visa.com.hr\/\" target=\"_blank\">\n\t\t\t\t\t\t\t<img fetchpriority=\"high\" decoding=\"async\" width=\"900\" height=\"292\" src=\"data:image\/svg+xml,%20%3Csvg%20viewBox%3D%220%200%20900%20292%22%20xmlns%3D%22http%3A%2F%2Fwww.w3.org%2F2000%2Fsvg%22%3E%3C%2Fsvg%3E\" data-src=\"https:\/\/inox-lesko.com\/wp-content\/uploads\/2024\/09\/visa.jpg\" class=\" lazyload attachment-full size-full wp-image-4293\" alt=\"\" srcset=\"\" data-srcset=\"https:\/\/inox-lesko.com\/wp-content\/uploads\/2024\/09\/visa.jpg 900w, https:\/\/inox-lesko.com\/wp-content\/uploads\/2024\/09\/visa-300x97.jpg 300w, https:\/\/inox-lesko.com\/wp-content\/uploads\/2024\/09\/visa-768x249.jpg 768w, https:\/\/inox-lesko.com\/wp-content\/uploads\/2024\/09\/visa-18x6.jpg 18w, https:\/\/inox-lesko.com\/wp-content\/uploads\/2024\/09\/visa-150x49.jpg 150w, https:\/\/inox-lesko.com\/wp-content\/uploads\/2024\/09\/visa-600x195.jpg 600w\" sizes=\"(max-width: 900px) 100vw, 900px\" \/>\t\t\t\t\t\t\t\t<\/a>\n\t\t\t\t\t\t\t\t\t\t\t\t\t\t\t<\/div>\n\t\t\t\t<\/div>\n\t\t\t\t<div class=\"elementor-element elementor-element-7a78210 elementor-widget__width-auto elementor-widget elementor-widget-image\" data-id=\"7a78210\" data-element_type=\"widget\" data-widget_type=\"image.default\">\n\t\t\t\t<div class=\"elementor-widget-container\">\n\t\t\t\t\t\t\t\t\t\t\t\t\t\t\t<img decoding=\"async\" width=\"339\" height=\"73\" src=\"data:image\/svg+xml,%20%3Csvg%20viewBox%3D%220%200%20339%2073%22%20xmlns%3D%22http%3A%2F%2Fwww.w3.org%2F2000%2Fsvg%22%3E%3C%2Fsvg%3E\" data-src=\"https:\/\/inox-lesko.com\/wp-content\/uploads\/2024\/09\/maestro.jpg\" class=\" lazyload attachment-full size-full wp-image-4295\" alt=\"\" srcset=\"\" data-srcset=\"https:\/\/inox-lesko.com\/wp-content\/uploads\/2024\/09\/maestro.jpg 339w, https:\/\/inox-lesko.com\/wp-content\/uploads\/2024\/09\/maestro-300x65.jpg 300w, https:\/\/inox-lesko.com\/wp-content\/uploads\/2024\/09\/maestro-18x4.jpg 18w, https:\/\/inox-lesko.com\/wp-content\/uploads\/2024\/09\/maestro-150x32.jpg 150w\" sizes=\"(max-width: 339px) 100vw, 339px\" \/>\t\t\t\t\t\t\t\t\t\t\t\t\t\t\t<\/div>\n\t\t\t\t<\/div>\n\t\t\t\t<div class=\"elementor-element elementor-element-b646766 elementor-widget__width-auto elementor-widget elementor-widget-image\" data-id=\"b646766\" data-element_type=\"widget\" data-widget_type=\"image.default\">\n\t\t\t\t<div class=\"elementor-widget-container\">\n\t\t\t\t\t\t\t\t\t\t\t\t\t\t\t\t<a href=\"https:\/\/www.mastercard.hr\/hr-hr\/privatni\/pronadite-karticu.html\" target=\"_blank\">\n\t\t\t\t\t\t\t<img decoding=\"async\" width=\"94\" height=\"73\" src=\"data:image\/svg+xml,%20%3Csvg%20viewBox%3D%220%200%2094%2073%22%20xmlns%3D%22http%3A%2F%2Fwww.w3.org%2F2000%2Fsvg%22%3E%3C%2Fsvg%3E\" data-src=\"https:\/\/inox-lesko.com\/wp-content\/uploads\/2024\/09\/mastercard.jpg\" class=\" lazyload attachment-full size-full wp-image-4294\" alt=\"\" srcset=\"\" data-srcset=\"https:\/\/inox-lesko.com\/wp-content\/uploads\/2024\/09\/mastercard.jpg 94w, https:\/\/inox-lesko.com\/wp-content\/uploads\/2024\/09\/mastercard-15x12.jpg 15w\" sizes=\"(max-width: 94px) 100vw, 94px\" \/>\t\t\t\t\t\t\t\t<\/a>\n\t\t\t\t\t\t\t\t\t\t\t\t\t\t\t<\/div>\n\t\t\t\t<\/div>\n\t\t\t\t<div class=\"elementor-element elementor-element-d18b52e elementor-widget__width-auto elementor-widget elementor-widget-image\" data-id=\"d18b52e\" data-element_type=\"widget\" data-widget_type=\"image.default\">\n\t\t\t\t<div class=\"elementor-widget-container\">\n\t\t\t\t\t\t\t\t\t\t\t\t\t\t\t\t<a href=\"https:\/\/www.corvuspay.com\/\" target=\"_blank\">\n\t\t\t\t\t\t\t<img loading=\"lazy\" decoding=\"async\" width=\"716\" height=\"148\" src=\"data:image\/svg+xml,%20%3Csvg%20viewBox%3D%220%200%20716%20148%22%20xmlns%3D%22http%3A%2F%2Fwww.w3.org%2F2000%2Fsvg%22%3E%3C%2Fsvg%3E\" data-src=\"https:\/\/inox-lesko.com\/wp-content\/uploads\/2024\/09\/corvus-logo-horizontal-pozitiv.png\" class=\" lazyload attachment-full size-full wp-image-4292\" alt=\"\" srcset=\"\" data-srcset=\"https:\/\/inox-lesko.com\/wp-content\/uploads\/2024\/09\/corvus-logo-horizontal-pozitiv.png 716w, https:\/\/inox-lesko.com\/wp-content\/uploads\/2024\/09\/corvus-logo-horizontal-pozitiv-300x62.png 300w, https:\/\/inox-lesko.com\/wp-content\/uploads\/2024\/09\/corvus-logo-horizontal-pozitiv-18x4.png 18w, https:\/\/inox-lesko.com\/wp-content\/uploads\/2024\/09\/corvus-logo-horizontal-pozitiv-150x31.png 150w, https:\/\/inox-lesko.com\/wp-content\/uploads\/2024\/09\/corvus-logo-horizontal-pozitiv-600x124.png 600w\" sizes=\"(max-width: 716px) 100vw, 716px\" \/>\t\t\t\t\t\t\t\t<\/a>\n\t\t\t\t\t\t\t\t\t\t\t\t\t\t\t<\/div>\n\t\t\t\t<\/div>\n\t\t\t\t\t<\/div>\n\t\t\t\t<\/div>\n\t\t\t\t\t<\/div>\n\t\t<\/div>\n\t\t\t\t\t<\/div>\n\t\t<\/section>\n\t\t\t\t<\/div>\n\t\t","protected":false},"excerpt":{"rendered":"<p>Izjava o sigurnosti online pla\u0107anja Pri pla\u0107anju na na\u0161oj web trgovini koristite CorvusPay \u2013 napredni sustav za siguran prihvat platnih kartica putem interneta. CorvusPay sustav osigurava potpunu tajnost Va\u0161ih karti\u010dnih i osobnih podataka ve\u0107 od trenutka kada ih upi\u0161ete u CorvusPay platni formular. Platni podaci proslje\u0111uju se \u0161ifrirano od Va\u0161eg web preglednika do banke koja[&#8230;]<\/p>\n","protected":false},"author":1,"featured_media":0,"parent":0,"menu_order":0,"comment_status":"closed","ping_status":"closed","template":"","meta":{"_acf_changed":false,"footnotes":""},"class_list":["post-4282","page","type-page","status-publish","hentry"],"acf":[],"yoast_head":"<!-- This site is optimized with the Yoast SEO plugin v26.1.1 - https:\/\/yoast.com\/wordpress\/plugins\/seo\/ -->\n<title>Security of Online Payments - INOX LE\u0160KO<\/title>\n<meta name=\"robots\" content=\"index, follow, max-snippet:-1, max-image-preview:large, max-video-preview:-1\" \/>\n<link rel=\"canonical\" href=\"https:\/\/inox-lesko.com\/en\/security-of-online-payments\/\" \/>\n<meta property=\"og:locale\" content=\"en_US\" \/>\n<meta property=\"og:type\" content=\"article\" \/>\n<meta property=\"og:title\" content=\"Security of Online Payments - INOX LE\u0160KO\" \/>\n<meta property=\"og:description\" content=\"Izjava o sigurnosti online pla\u0107anja Pri pla\u0107anju na na\u0161oj web trgovini koristite CorvusPay \u2013 napredni sustav za siguran prihvat platnih kartica putem interneta. CorvusPay sustav osigurava potpunu tajnost Va\u0161ih karti\u010dnih i osobnih podataka ve\u0107 od trenutka kada ih upi\u0161ete u CorvusPay platni formular. Platni podaci proslje\u0111uju se \u0161ifrirano od Va\u0161eg web preglednika do banke koja[...]\" \/>\n<meta property=\"og:url\" content=\"https:\/\/inox-lesko.com\/en\/security-of-online-payments\/\" \/>\n<meta property=\"og:site_name\" content=\"INOX LE\u0160KO\" \/>\n<meta property=\"article:publisher\" content=\"https:\/\/www.facebook.com\/inoxlesko\/\" \/>\n<meta property=\"article:modified_time\" content=\"2024-10-10T12:01:47+00:00\" \/>\n<meta property=\"og:image\" content=\"https:\/\/inox-lesko.com\/wp-content\/uploads\/2024\/09\/visa.jpg\" \/>\n<meta name=\"twitter:card\" content=\"summary_large_image\" \/>\n<meta name=\"twitter:label1\" content=\"Est. reading time\" \/>\n\t<meta name=\"twitter:data1\" content=\"3 minutes\" \/>\n<script type=\"application\/ld+json\" class=\"yoast-schema-graph\">{\"@context\":\"https:\/\/schema.org\",\"@graph\":[{\"@type\":\"WebPage\",\"@id\":\"https:\/\/inox-lesko.com\/security-of-online-payments\/\",\"url\":\"https:\/\/inox-lesko.com\/security-of-online-payments\/\",\"name\":\"Security of Online Payments - INOX LE\u0160KO\",\"isPartOf\":{\"@id\":\"https:\/\/inox-lesko.com\/#website\"},\"primaryImageOfPage\":{\"@id\":\"https:\/\/inox-lesko.com\/security-of-online-payments\/#primaryimage\"},\"image\":{\"@id\":\"https:\/\/inox-lesko.com\/security-of-online-payments\/#primaryimage\"},\"thumbnailUrl\":\"https:\/\/inox-lesko.com\/wp-content\/uploads\/2024\/09\/visa.jpg\",\"datePublished\":\"2024-09-30T08:58:02+00:00\",\"dateModified\":\"2024-10-10T12:01:47+00:00\",\"breadcrumb\":{\"@id\":\"https:\/\/inox-lesko.com\/security-of-online-payments\/#breadcrumb\"},\"inLanguage\":\"en-US\",\"potentialAction\":[{\"@type\":\"ReadAction\",\"target\":[\"https:\/\/inox-lesko.com\/security-of-online-payments\/\"]}]},{\"@type\":\"ImageObject\",\"inLanguage\":\"en-US\",\"@id\":\"https:\/\/inox-lesko.com\/security-of-online-payments\/#primaryimage\",\"url\":\"https:\/\/inox-lesko.com\/wp-content\/uploads\/2024\/09\/visa.jpg\",\"contentUrl\":\"https:\/\/inox-lesko.com\/wp-content\/uploads\/2024\/09\/visa.jpg\"},{\"@type\":\"BreadcrumbList\",\"@id\":\"https:\/\/inox-lesko.com\/security-of-online-payments\/#breadcrumb\",\"itemListElement\":[{\"@type\":\"ListItem\",\"position\":1,\"name\":\"Home\",\"item\":\"https:\/\/inox-lesko.com\/en\/\"},{\"@type\":\"ListItem\",\"position\":2,\"name\":\"Security of Online Payments\"}]},{\"@type\":\"WebSite\",\"@id\":\"https:\/\/inox-lesko.com\/#website\",\"url\":\"https:\/\/inox-lesko.com\/\",\"name\":\"INOX LE\u0160KO\",\"description\":\"\",\"publisher\":{\"@id\":\"https:\/\/inox-lesko.com\/#organization\"},\"potentialAction\":[{\"@type\":\"SearchAction\",\"target\":{\"@type\":\"EntryPoint\",\"urlTemplate\":\"https:\/\/inox-lesko.com\/?s={search_term_string}\"},\"query-input\":{\"@type\":\"PropertyValueSpecification\",\"valueRequired\":true,\"valueName\":\"search_term_string\"}}],\"inLanguage\":\"en-US\"},{\"@type\":\"Organization\",\"@id\":\"https:\/\/inox-lesko.com\/#organization\",\"name\":\"INOX LE\u0160KO\",\"url\":\"https:\/\/inox-lesko.com\/\",\"logo\":{\"@type\":\"ImageObject\",\"inLanguage\":\"en-US\",\"@id\":\"https:\/\/inox-lesko.com\/#\/schema\/logo\/image\/\",\"url\":\"https:\/\/inox-lesko.com\/wp-content\/uploads\/2024\/04\/inox_lesko_logo_transparent.png\",\"contentUrl\":\"https:\/\/inox-lesko.com\/wp-content\/uploads\/2024\/04\/inox_lesko_logo_transparent.png\",\"width\":1262,\"height\":509,\"caption\":\"INOX LE\u0160KO\"},\"image\":{\"@id\":\"https:\/\/inox-lesko.com\/#\/schema\/logo\/image\/\"},\"sameAs\":[\"https:\/\/www.facebook.com\/inoxlesko\/\"]}]}<\/script>\n<!-- \/ Yoast SEO plugin. -->","yoast_head_json":{"title":"Security of Online Payments - INOX LE\u0160KO","robots":{"index":"index","follow":"follow","max-snippet":"max-snippet:-1","max-image-preview":"max-image-preview:large","max-video-preview":"max-video-preview:-1"},"canonical":"https:\/\/inox-lesko.com\/en\/security-of-online-payments\/","og_locale":"en_US","og_type":"article","og_title":"Security of Online Payments - INOX LE\u0160KO","og_description":"Izjava o sigurnosti online pla\u0107anja Pri pla\u0107anju na na\u0161oj web trgovini koristite CorvusPay \u2013 napredni sustav za siguran prihvat platnih kartica putem interneta. CorvusPay sustav osigurava potpunu tajnost Va\u0161ih karti\u010dnih i osobnih podataka ve\u0107 od trenutka kada ih upi\u0161ete u CorvusPay platni formular. Platni podaci proslje\u0111uju se \u0161ifrirano od Va\u0161eg web preglednika do banke koja[...]","og_url":"https:\/\/inox-lesko.com\/en\/security-of-online-payments\/","og_site_name":"INOX LE\u0160KO","article_publisher":"https:\/\/www.facebook.com\/inoxlesko\/","article_modified_time":"2024-10-10T12:01:47+00:00","og_image":[{"url":"https:\/\/inox-lesko.com\/wp-content\/uploads\/2024\/09\/visa.jpg","type":"","width":"","height":""}],"twitter_card":"summary_large_image","twitter_misc":{"Est. reading time":"3 minutes"},"schema":{"@context":"https:\/\/schema.org","@graph":[{"@type":"WebPage","@id":"https:\/\/inox-lesko.com\/security-of-online-payments\/","url":"https:\/\/inox-lesko.com\/security-of-online-payments\/","name":"Security of Online Payments - INOX LE\u0160KO","isPartOf":{"@id":"https:\/\/inox-lesko.com\/#website"},"primaryImageOfPage":{"@id":"https:\/\/inox-lesko.com\/security-of-online-payments\/#primaryimage"},"image":{"@id":"https:\/\/inox-lesko.com\/security-of-online-payments\/#primaryimage"},"thumbnailUrl":"https:\/\/inox-lesko.com\/wp-content\/uploads\/2024\/09\/visa.jpg","datePublished":"2024-09-30T08:58:02+00:00","dateModified":"2024-10-10T12:01:47+00:00","breadcrumb":{"@id":"https:\/\/inox-lesko.com\/security-of-online-payments\/#breadcrumb"},"inLanguage":"en-US","potentialAction":[{"@type":"ReadAction","target":["https:\/\/inox-lesko.com\/security-of-online-payments\/"]}]},{"@type":"ImageObject","inLanguage":"en-US","@id":"https:\/\/inox-lesko.com\/security-of-online-payments\/#primaryimage","url":"https:\/\/inox-lesko.com\/wp-content\/uploads\/2024\/09\/visa.jpg","contentUrl":"https:\/\/inox-lesko.com\/wp-content\/uploads\/2024\/09\/visa.jpg"},{"@type":"BreadcrumbList","@id":"https:\/\/inox-lesko.com\/security-of-online-payments\/#breadcrumb","itemListElement":[{"@type":"ListItem","position":1,"name":"Home","item":"https:\/\/inox-lesko.com\/en\/"},{"@type":"ListItem","position":2,"name":"Security of Online Payments"}]},{"@type":"WebSite","@id":"https:\/\/inox-lesko.com\/#website","url":"https:\/\/inox-lesko.com\/","name":"INOX LE\u0160KO","description":"","publisher":{"@id":"https:\/\/inox-lesko.com\/#organization"},"potentialAction":[{"@type":"SearchAction","target":{"@type":"EntryPoint","urlTemplate":"https:\/\/inox-lesko.com\/?s={search_term_string}"},"query-input":{"@type":"PropertyValueSpecification","valueRequired":true,"valueName":"search_term_string"}}],"inLanguage":"en-US"},{"@type":"Organization","@id":"https:\/\/inox-lesko.com\/#organization","name":"INOX LE\u0160KO","url":"https:\/\/inox-lesko.com\/","logo":{"@type":"ImageObject","inLanguage":"en-US","@id":"https:\/\/inox-lesko.com\/#\/schema\/logo\/image\/","url":"https:\/\/inox-lesko.com\/wp-content\/uploads\/2024\/04\/inox_lesko_logo_transparent.png","contentUrl":"https:\/\/inox-lesko.com\/wp-content\/uploads\/2024\/04\/inox_lesko_logo_transparent.png","width":1262,"height":509,"caption":"INOX LE\u0160KO"},"image":{"@id":"https:\/\/inox-lesko.com\/#\/schema\/logo\/image\/"},"sameAs":["https:\/\/www.facebook.com\/inoxlesko\/"]}]}},"_links":{"self":[{"href":"https:\/\/inox-lesko.com\/en\/wp-json\/wp\/v2\/pages\/4282","targetHints":{"allow":["GET"]}}],"collection":[{"href":"https:\/\/inox-lesko.com\/en\/wp-json\/wp\/v2\/pages"}],"about":[{"href":"https:\/\/inox-lesko.com\/en\/wp-json\/wp\/v2\/types\/page"}],"author":[{"embeddable":true,"href":"https:\/\/inox-lesko.com\/en\/wp-json\/wp\/v2\/users\/1"}],"replies":[{"embeddable":true,"href":"https:\/\/inox-lesko.com\/en\/wp-json\/wp\/v2\/comments?post=4282"}],"version-history":[{"count":10,"href":"https:\/\/inox-lesko.com\/en\/wp-json\/wp\/v2\/pages\/4282\/revisions"}],"predecessor-version":[{"id":4377,"href":"https:\/\/inox-lesko.com\/en\/wp-json\/wp\/v2\/pages\/4282\/revisions\/4377"}],"wp:attachment":[{"href":"https:\/\/inox-lesko.com\/en\/wp-json\/wp\/v2\/media?parent=4282"}],"curies":[{"name":"wp","href":"https:\/\/api.w.org\/{rel}","templated":true}]}}