{"id":3,"date":"2024-02-19T10:33:08","date_gmt":"2024-02-19T10:33:08","guid":{"rendered":"https:\/\/inox-lesko.com\/?page_id=3"},"modified":"2024-10-10T14:00:59","modified_gmt":"2024-10-10T12:00:59","slug":"privacy-policy","status":"publish","type":"page","link":"https:\/\/inox-lesko.com\/en\/privacy-policy\/","title":{"rendered":"Privacy Policy"},"content":{"rendered":"\t\t<div data-elementor-type=\"wp-page\" data-elementor-id=\"3\" class=\"elementor elementor-3\" data-elementor-post-type=\"page\">\n\t\t\t\t\t\t<section class=\"elementor-section elementor-top-section elementor-element elementor-element-aeb6a40 elementor-section-boxed elementor-section-height-default elementor-section-height-default\" data-id=\"aeb6a40\" data-element_type=\"section\">\n\t\t\t\t\t\t<div class=\"elementor-container elementor-column-gap-no\">\n\t\t\t\t\t<div class=\"elementor-column elementor-col-100 elementor-top-column elementor-element elementor-element-dc919df\" data-id=\"dc919df\" data-element_type=\"column\">\n\t\t\t<div class=\"elementor-widget-wrap elementor-element-populated\">\n\t\t\t\t\t\t<div class=\"elementor-element elementor-element-0e3ec4f elementor-widget elementor-widget-heading\" data-id=\"0e3ec4f\" data-element_type=\"widget\" data-widget_type=\"heading.default\">\n\t\t\t\t<div class=\"elementor-widget-container\">\n\t\t\t\t\t<h2 class=\"elementor-heading-title elementor-size-default\">Privacy Policy<\/h2>\t\t\t\t<\/div>\n\t\t\t\t<\/div>\n\t\t\t\t<div class=\"elementor-element elementor-element-35c337c elementor-widget elementor-widget-text-editor\" data-id=\"35c337c\" data-element_type=\"widget\" data-widget_type=\"text-editor.default\">\n\t\t\t\t<div class=\"elementor-widget-container\">\n\t\t\t\t\t\t\t\t\t<p><strong>1. INFORMATION ABOUT THE PROCESSOR AND PROCESSOR<\/strong><\/p>\n<p>The manager of personal data processing is Inox-Le\u0161ko d.o.o., a limited liability company with headquarters at Brodec 2 Vrati\u0161inec, 40315 Mursko Sredi\u0161\u0107e (hereinafter: &#8220;Inox Le\u0161ko&#8221;; Seller) registered in the registry (court) under the entity registration number (MBS): 5682703 with personal identification number (OIB): 43451537710.<\/p>\n<p>Inox-Le\u0161ko d.o.o. carefully protects the user&#8217;s personal data, which means that it will not abuse the user&#8217;s personal data in any way, the user&#8217;s personal data will not be passed on to unauthorized third parties, the user will not be sent e-mails that contradict the terms of use, and the user can at any time moment to unsubscribe from the list of recipients of any e-mail from Inox-Le\u0161ko d.o.o.<\/p>\n<p>Data processing is any action performed on Personal Data, for example collection, recording, storage, use, transfer of Personal Data and access to Personal Data.<\/p>\n<p><strong>2. PERSONAL DATA PROTECTION OFFICER (DPO)<\/strong><\/p>\n<p>Inox-Le\u0161ko d.o.o. has, in accordance with legal and regulatory requirements, appointed a Personal Data Protection Officer whom you can contact regarding all issues related to the processing of personal data or exercising the right to personal data protection. Our personal data processing officer will examine all your inquiries and, if possible, try to answer them within 30 days, provided that your request is legally justified. The dynamics of the response depends on the nature of your inquiry and, in general, on the amount and nature of other possible inquiries.<\/p>\n<p>DPO: Dejan Le\u0161ko<\/p>\n<p>Contact: 0911830682<\/p>\n<p><strong>3. AREA OF APPLICATION<\/strong><\/p>\n<p>The policy applies to natural and legal persons whose Personal Data Inox-Le\u0161ko d.o.o. collects on any legal basis.<\/p>\n<p>Personal data is that which refers to an individual: name, surname, age, address, e-mail address and similar information. Inox-Le\u0161ko d.o.o. collects personal data of users only when users give access to it themselves: during registration on the site or through various forms on the site. Data is collected and processed in accordance with the laws of the Republic of Croatia: the Personal Data Protection Act, the Electronic Commerce Act and other regulations related to the collection and protection of personal data.<\/p>\n<p>The policy applies:<\/p>\n<p>&#8211; on personal data entered by website visitors when sending inquiries via the contact form or the user registration form.<\/p>\n<p>&#8211; to personal data (name, surname, mobile phone number, address, postal code, city, payment card number, payment card expiry date, payment card control number, IBAN.) entered by customers\/users in the electronic sales point of Inox-Le\u0161ko d.o.o. or the website www.inox-lesko.com<\/p>\n<p>&#8211; to data related to the use of the website www.inox-lesko.com, data on the geo-location of the customer that may become available during their search and use of the website www.inox-lesko.com based on the IP address or GPS data on their device .<\/p>\n<p>HOPE CLIP collects the data that is necessary for making online card payments when making purchases on the Inox-Le\u0161ko web shop using the CorvusPay payment form. Payment data is transmitted encrypted from your web browser to the bank that issued your card. Our store never comes into contact with complete information about your payment card. Also, the data is inaccessible even to employees of the Corvuspay system. An isolated core independently transfers and manages sensitive data, keeping it completely secure.<\/p>\n<p>Inox-Le\u0161ko d.o.o. undertakes to protect the personal data of customers by collecting only the necessary, basic data about customers\/users that is necessary for the fulfillment of our obligations; informs customers about the way the collected data is used, regularly gives customers a choice about the use of their data, including the ability to decide whether or not they want their name removed from the list used for marketing campaigns. All user data is strictly kept and is available only to employees who need this data to perform their work. All employees of Inox-Le\u0161ko d.o.o. are responsible for respecting the principles of privacy protection.<\/p>\n<p><strong>4. METHOD OF COLLECTION OF PERSONAL DATA<\/strong><\/p>\n<p>Personal data is processed in accordance with the highest standards of the European Union and valid regulations of the Republic of Croatia.<\/p>\n<p><strong>5. STORAGE PERIOD OF PERSONAL DATA<\/strong><\/p>\n<p>Collected personal data of Inox-Le\u0161ko d.o.o. is stored until the storage of personal data is revoked by the user, while the data collected due to processing based on a legal basis are stored in accordance with the time limits of the provisions of the relevant law (for example, the Accounting Act, etc.)<\/p>\n<p>The user can at any time withdraw his consent to the further collection, processing and use of personal data, and he can request the revocation of the storage of personal data by writing to the branch office address: branch address, if any, or by e-mail to <strong>info@inox-lesko.com<\/strong>.<\/p>\n<p><strong>6. WHERE PERSONAL DATA IS PROCESSED<\/strong><\/p>\n<p>Personal data are processed in the Republic of Croatia.<\/p>\n<p><strong>7. RIGHTS OF RESPONDENTS<\/strong><\/p>\n<p>Every user whose personal data is processed by Inox-Le\u0161ko d.o.o. has the right to access all given Personal Data, to their correction and deletion, as well as the limitation of processing and the right to data portability. Each user has the right to subsequently withdraw previously given consent, with the note that the withdrawal of consent does not affect the legality of processing that was based on consent before it was withdrawn. Each user, as well as the person whose Personal Data is being processed, is authorized to file an objection to the processing of their Personal Data by Inox-Le\u0161ko d.o.o. limited liability company as the Data Controller to the supervisory body, i.e. the Agency for the Protection of Personal Data.<\/p>\n<p><strong>8. COOKIES AND TRACKING OF INTERNET ACTIVITIES<\/strong><\/p>\n<p>A cookie (cookie &#8211; hereinafter: &#8220;cookie\/s&#8221;) represents information that is stored on the user&#8217;s computer by the website that the customer visits. In other words, these are invisible documents that are currently saved on your hard drive and enable the seller to recognize your computer the next time you visit the website.<\/p>\n<p>When you access the website www.inox-lesko.com, general, non-personal data (number of visits, average time spent visiting the page, pages visited) are automatically recorded (not as part of the registration) using a third-party service called Google Analytics. These data of Inox-Le\u0161ko d.o.o. cannot be linked to your personal data and is completely non-personal. Inox-Le\u0161ko d.o.o. uses them to measure the attractiveness of the website and improve the content of the website itself and to optimize its online advertising activities. We do not use your data for other purposes and do not give it to third parties.<\/p>\n<p>By using this website, you give your consent to the use of cookies. If you do not want to enable the saving of cookies, you can set this in your Internet browser, where you can delete or block them. If the user does not agree to the storage of cookies, their storage on the user&#8217;s computer will be disabled, and the user will still be able to use the website www.inox-lesko.com, with the fact that certain features of the website will not be available. However, Users who decide not to accept basic cookies will not be able to use the site www.inox-lesko.com because without using cookies it is not possible to register a user account or add products to the cart.<\/p>\t\t\t\t\t\t\t\t<\/div>\n\t\t\t\t<\/div>\n\t\t\t\t<div class=\"elementor-element elementor-element-e36c384 elementor-hidden-desktop elementor-hidden-tablet elementor-hidden-mobile elementor-widget elementor-widget-text-editor\" data-id=\"e36c384\" data-element_type=\"widget\" data-widget_type=\"text-editor.default\">\n\t\t\t\t<div class=\"elementor-widget-container\">\n\t\t\t\t\t\t\t\t\t<p><strong>1. PODACI O VODITELJU OBRADE I IZVR\u0160ITELJU OBRADE<\/strong><\/p>\n<p>Voditelj obrade osobnih podataka je Inox-Le\u0161ko d.o.o., dru\u0161tvo s ograni\u010denom odgovorno\u0161\u0107u sa sjedi\u0161tem u Brodec 2 Vrati\u0161inec, 40315 Mursko Sredi\u0161\u0107e (dalje u tekstu: \u201eInox Le\u0161ko\u201c; Prodavatelj) upisan u registarski (sud)\u00a0 pod mati\u010dnim brojem subjekta (MBS): 5682703 s osobnim identifikacijskim brojem (OIB): 43451537710.<\/p>\n<p>Inox-Le\u0161ko d.o.o. pa\u017eljivo \u0161titi osobne podatke korisnika, \u0161to zna\u010di da ne\u0107e zloupotrijebiti osobne podatke korisnika na bilo koji na\u010din, osobni podaci korisnika ne\u0107e se posredovati neovla\u0161tenim tre\u0107im osobama, korisnicima ne\u0107e slati e-poruke koje su u suprotnosti s uvjetima upotrebe, a korisnici se mogu u bilo kojem trenutku odjaviti s liste primatelja bilo koje e-po\u0161te Inox-Le\u0161ko d.o.o.<\/p>\n<p>Obrada podataka jest bilo koja radnja izvr\u0161ena na Osobnim podacima, primjerice prikupljanje, snimanje, spremanje, upotreba, prijenos Osobnih podataka i uvid u Osobne podatke.<\/p>\n<p><strong>2. SLU\u017dBENIK ZA ZA\u0160TITU OSOBNIH PODATAKA (DPO)<\/strong><\/p>\n<p>Inox-Le\u0161ko d.o.o. je u skladu sa zakonskim i regulatornim zahtjevima imenovao Slu\u017ebenika za za\u0161titu osobnih podataka kojega mo\u017eete kontaktirati vezano za sva pitanja vezana za obradu osobnih podataka ili ostvarivanje prava na za\u0161titu osobnih podataka. Sve Va\u0161e upite, na\u0161 slu\u017ebenik za obradu osobnih podataka \u0107e ispitati te na iste nastojati ako je mogu\u0107e, odgovoriti u roku od 30 dana, pod uvjetom pravne osnovanosti Va\u0161eg zahtjeva. Dinamika odgovora ovisi o naravi Va\u0161eg upita te op\u0107enito o koli\u010dini i naravi drugih eventualnih upita.<\/p>\n<p>DPO: Dejan Le\u0161ko<\/p>\n<p>Kontakt: 0911830682<\/p>\n<p><strong>3. PODRU\u010cJE PRIMJENE<\/strong><\/p>\n<p>Politika se odnosi na fizi\u010dke i pravne osobe \u010dije Osobne podatke Inox-Le\u0161ko d.o.o. prikuplja po bilo kojoj pravnoj osnovi.<\/p>\n<p>Osobni podatak je onaj koji se odnosi na pojedinca: ime, prezime, dob, adresa, adresa elektroni\u010dke po\u0161te i sli\u010dne informacije. Inox-Le\u0161ko d.o.o. prikuplja osobne podatke korisnika isklju\u010divo onda kada korisnici za to sami daju privolu: prilikom registracije na stranicu ili putem raznih obrazaca na stranici. Pritom se podaci prikupljaju i obra\u0111uju u skladu sa zakonima Republike Hrvatske: Zakonu o za\u0161titi osobnih podataka, Zakonu o elektroni\u010dkoj trgovini te ostalim propisima koji se odnose na prikupljanje i za\u0161titu osobnih podataka.<\/p>\n<p>Politika se primjenjuje:<\/p>\n<p>-na osobne podatke koje posjetitelji web stranice unose prilikom slanja upita putem kontakt forme ili forme za registraciju korisnika.<\/p>\n<p>-na osobne podatke (ime, prezime, broj mobitela, adresa, po\u0161tanski broj, grad, broj platne kartice, datum isteka platne kartice, kontrolni broj platne kartice, IBAN.) koje su kupci\/korisnici prilikom sklapanja ugovora o kupoprodaji roba unijeli na elektroni\u010dkim prodajnom mjestu Inox-Le\u0161ko d.o.o.\u00a0 odnosno web stranici www.inox-lesko.com<\/p>\n<p>&#8211; na podatke vezane za kori\u0161tenje web stranice www.inox-lesko.com, podatke o geo-lokaciji kupca koji mogu postati dostupni prilikom njihova pretra\u017eivanja i kori\u0161tenja Internet stranice www.inox-lesko.com na temelju IP adrese ili GPS podataka o njihovom ure\u0111aju.<\/p>\n<p>HOPE CLIP prikuplja podatke koji su potrebni za provedbu online pla\u0107anja karticama prilikom kupnje na Inox-Le\u0161ko web shopu koriste\u0107i CorvusPay platni formular. Platni podaci proslje\u0111uju se \u0161ifrirano od Va\u0161eg web preglednika do banke koja je izdala Va\u0161u karticu. Na\u0161a trgovina nikada ne dolazi u kontakt s cjelovitim podacima o Va\u0161oj platnoj kartici. Tako\u0111er, podaci su nedostupni \u010dak i djelatnicima Corvuspay sustava. Izolirana jezgra samostalno prenosi i upravlja osjetljivim podacima, \u010duvaju\u0107i ih pri tom potpuno sigurnima.<\/p>\n<p>Inox-Le\u0161ko d.o.o. se obvezuje pru\u017eati za\u0161titu osobnim podacima kupaca tako da prikuplja samo nu\u017ene, osnovne podatke o kupcima\/korisnicima koji su nu\u017eni za ispunjenje na\u0161ih obveza; informira kupce o na\u010dinu kori\u0161tenja prikupljenih podataka, redovito daje kupcima mogu\u0107nost izbora o upotrebi njihovih podataka, uklju\u010duju\u0107i mogu\u0107nost odluke \u017eele li ili ne da se njihovo ime ukloni s liste koje se koriste za marketin\u0161ke kampanje. Svi se podaci o korisnicima strogo \u010duvaju i dostupni su samo djelatnicima kojima su ti podaci nu\u017eni za obavljanje posla. Svi djelatnici Inox-Le\u0161ko d.o.o. odgovorni su za po\u0161tivanje na\u010dela za\u0161ite privatnosti.<\/p>\n<p><strong>4. NA\u010cIN PRIKUPLJANJA OSOBNIH PODATAKA<\/strong><\/p>\n<p>Osobni podaci obra\u0111uju se u skladu s najvi\u0161im standardima Europske unije te va\u017ee\u0107im propisima Republike Hrvatske.<\/p>\n<p><strong>5. RAZDOBLJE \u010cUVANJA OSOBNIH PODATAKA<\/strong><\/p>\n<p>Prikupljene osobne podatke Inox-Le\u0161ko d.o.o. pohranjuje do opoziva pohrane osobnih podataka od strane korisnika dok se podaci prikupljeni zbog obrade temeljenih na zakonskoj osnovi, \u010duvaju se sukladno vremenskim ograni\u010denjima odredbama predmetnog zakona (primjerice Zakon o ra\u010dunovodstvu i sl.)<\/p>\n<p>Korisnik u bilo kojem trenutku mo\u017ee povu\u0107i svoj pristanak na daljnje prikupljanje, obradu i kori\u0161tenje osobnih podataka, a opoziv pohrane osobnih podataka mo\u017ee zatra\u017eiti pismenim putem na adresu poslovnice obrta: adresa poslovnice ako postoji ili putem elektroni\u010dke po\u0161te na <strong>info@inox-lesko.com.<\/strong><\/p>\n<p><strong>6. GDJE SE OSOBNI PODACI OBRA\u0110UJU<\/strong><\/p>\n<p>Osobni podaci obra\u0111uju se u Republici Hrvatskoj.<\/p>\n<p><strong>7. PRAVA ISPITANIKA<\/strong><\/p>\n<p>Svaki korisnik \u010dije osobne podatke obra\u0111uje Inox-Le\u0161ko d.o.o. ima pravo na pristup svim danim Osobnim podacima, na njihov ispravak i brisanje te ograni\u010denje obrade i pravo na prenosivost podataka. Svaki korisnik ima pravo naknadno povu\u0107i prethodno danu privolu, uz napomenu da povla\u010denje privole ne utje\u010de na zakonitost obrade koja se temeljila na privoli prije nego \u0161to je ona povu\u010dena. Svaki korisnik, kao i osoba \u010dije Osobne podatke \u00a0obra\u0111uje, ovla\u0161ten je podnijeti prigovor na obradu svojih Osobnih podataka od strane Inox-Le\u0161ko d.o.o. dru\u0161tva s ograni\u010denom odgovorno\u0161\u0107u kao Voditelja obrade nadzornome tijelu, odnosno Agenciji za za\u0161titu osobnih podataka.<\/p>\n<p><strong>8. KOLA\u010cI\u0106I (\u201eCOOKIES\u201c) I PRA\u0106ENJE INETERNET AKTIVNOSTI<\/strong><\/p>\n<p>Kola\u010di\u0107 (cookie \u2013 u daljnjem tekstu: \u201ekola\u010di\u0107\/i\u201c) predstavlja informaciju koja se pohranjuje na ra\u010dunalo korisnika od strane Internet stranice koju Kupac posje\u0107uje. Drugim rije\u010dima, to su nevidljivi dokumenti koji su trenutno sa\u010duvani na Va\u0161em tvrdom disku i omogu\u0107avaju prodavatelju prepoznavanje Va\u0161eg ra\u010dunala, kada sljede\u0107i put posjetite internetsku stranicu.<\/p>\n<p>Kada pristupate internetskoj stranici <a href=\"http:\/\/www.inox-lesko.com________________\/\">www.inox-lesko.com <\/a>op\u0107eniti, neosobni podaci (broj posjete, prosje\u010dno vrijeme posjete stranici, posje\u0107ene stranice) automatski se bilje\u017ee (ne kao dio prijave) koriste\u0107i uslugu tre\u0107e strane pod nazivom Google Analytics. Te podatke Inox-Le\u0161ko d.o.o. ne mo\u017ee povezati s va\u0161im osobnim podacima i oni su u potpunosti neosobni. Inox-Le\u0161ko d.o.o. ih koristi za mjerenje privla\u010dnosti internetske stranice i pobolj\u0161avanje sadr\u017eaja same stranice te za optimizaciju svojih internetskih aktivnosti ogla\u0161avanja. Va\u0161e podatke ne koristimo u druge svrhe i ne posjedujemo tre\u0107im osobama.<\/p>\n<p>Kori\u0161tenjem ove internetske stranice dajte svoju suglasnost za kori\u0161tenjem kola\u010di\u0107a. Ako ne \u017eelite omogu\u0107iti spremanje kola\u010di\u0107a to mo\u017eete podesiti u svom Internet pregledniku gdje ih mo\u017eete obrisati ili blokirati. Ako korisnik ne pristane na pohranu kola\u010di\u0107a, pohranjivanje istih na ra\u010dunalu korisnika bit \u0107e onemogu\u0107eno, a korisnik \u0107e i dalje mo\u0107i koristiti Internet strasnicu www.inox-lesko.com, s time da mu pojedine mogu\u0107nosti Internet stranice ne\u0107e biti dostupne. Me\u0111utim, Korisnici koji odlu\u010de ne prihvatiti osnovne kola\u010di\u0107e ne\u0107e mo\u0107i koristiti stranicu www.inox-lesko.com jer bez kori\u0161tenja kola\u010di\u0107a nije mogu\u0107e registrirati korisni\u010dki ra\u010dun niti dodavati proizvode u ko\u0161aricu.<\/p>\t\t\t\t\t\t\t\t<\/div>\n\t\t\t\t<\/div>\n\t\t\t\t\t<\/div>\n\t\t<\/div>\n\t\t\t\t\t<\/div>\n\t\t<\/section>\n\t\t\t\t<\/div>\n\t\t","protected":false},"excerpt":{"rendered":"<p>Privacy Policy 1. INFORMATION ABOUT THE PROCESSOR AND PROCESSOR The manager of personal data processing is Inox-Le\u0161ko d.o.o., a limited liability company with headquarters at Brodec 2 Vrati\u0161inec, 40315 Mursko Sredi\u0161\u0107e (hereinafter: &#8220;Inox Le\u0161ko&#8221;; Seller) registered in the registry (court) under the entity registration number (MBS): 5682703 with personal identification number (OIB): 43451537710. Inox-Le\u0161ko d.o.o.[&#8230;]<\/p>\n","protected":false},"author":1,"featured_media":0,"parent":0,"menu_order":0,"comment_status":"closed","ping_status":"open","template":"","meta":{"_acf_changed":false,"footnotes":""},"class_list":["post-3","page","type-page","status-publish","hentry"],"acf":[],"yoast_head":"<!-- This site is optimized with the Yoast SEO plugin v26.1.1 - https:\/\/yoast.com\/wordpress\/plugins\/seo\/ -->\n<title>Privacy Policy - INOX LE\u0160KO<\/title>\n<meta name=\"robots\" content=\"index, follow, max-snippet:-1, max-image-preview:large, max-video-preview:-1\" \/>\n<link rel=\"canonical\" href=\"https:\/\/inox-lesko.com\/en\/privacy-policy\/\" \/>\n<meta property=\"og:locale\" content=\"en_US\" \/>\n<meta property=\"og:type\" content=\"article\" \/>\n<meta property=\"og:title\" content=\"Privacy Policy - INOX LE\u0160KO\" \/>\n<meta property=\"og:description\" content=\"Privacy Policy 1. INFORMATION ABOUT THE PROCESSOR AND PROCESSOR The manager of personal data processing is Inox-Le\u0161ko d.o.o., a limited liability company with headquarters at Brodec 2 Vrati\u0161inec, 40315 Mursko Sredi\u0161\u0107e (hereinafter: &#8220;Inox Le\u0161ko&#8221;; Seller) registered in the registry (court) under the entity registration number (MBS): 5682703 with personal identification number (OIB): 43451537710. Inox-Le\u0161ko d.o.o.[...]\" \/>\n<meta property=\"og:url\" content=\"https:\/\/inox-lesko.com\/en\/privacy-policy\/\" \/>\n<meta property=\"og:site_name\" content=\"INOX LE\u0160KO\" \/>\n<meta property=\"article:publisher\" content=\"https:\/\/www.facebook.com\/inoxlesko\/\" \/>\n<meta property=\"article:modified_time\" content=\"2024-10-10T12:00:59+00:00\" \/>\n<meta name=\"twitter:card\" content=\"summary_large_image\" \/>\n<meta name=\"twitter:label1\" content=\"Est. reading time\" \/>\n\t<meta name=\"twitter:data1\" content=\"12 minutes\" \/>\n<script type=\"application\/ld+json\" class=\"yoast-schema-graph\">{\"@context\":\"https:\/\/schema.org\",\"@graph\":[{\"@type\":\"WebPage\",\"@id\":\"https:\/\/inox-lesko.com\/privacy-policy\/\",\"url\":\"https:\/\/inox-lesko.com\/privacy-policy\/\",\"name\":\"Privacy Policy - INOX LE\u0160KO\",\"isPartOf\":{\"@id\":\"https:\/\/inox-lesko.com\/#website\"},\"datePublished\":\"2024-02-19T10:33:08+00:00\",\"dateModified\":\"2024-10-10T12:00:59+00:00\",\"breadcrumb\":{\"@id\":\"https:\/\/inox-lesko.com\/privacy-policy\/#breadcrumb\"},\"inLanguage\":\"en-US\",\"potentialAction\":[{\"@type\":\"ReadAction\",\"target\":[\"https:\/\/inox-lesko.com\/privacy-policy\/\"]}]},{\"@type\":\"BreadcrumbList\",\"@id\":\"https:\/\/inox-lesko.com\/privacy-policy\/#breadcrumb\",\"itemListElement\":[{\"@type\":\"ListItem\",\"position\":1,\"name\":\"Home\",\"item\":\"https:\/\/inox-lesko.com\/en\/\"},{\"@type\":\"ListItem\",\"position\":2,\"name\":\"Privacy Policy\"}]},{\"@type\":\"WebSite\",\"@id\":\"https:\/\/inox-lesko.com\/#website\",\"url\":\"https:\/\/inox-lesko.com\/\",\"name\":\"INOX LE\u0160KO\",\"description\":\"\",\"publisher\":{\"@id\":\"https:\/\/inox-lesko.com\/#organization\"},\"potentialAction\":[{\"@type\":\"SearchAction\",\"target\":{\"@type\":\"EntryPoint\",\"urlTemplate\":\"https:\/\/inox-lesko.com\/?s={search_term_string}\"},\"query-input\":{\"@type\":\"PropertyValueSpecification\",\"valueRequired\":true,\"valueName\":\"search_term_string\"}}],\"inLanguage\":\"en-US\"},{\"@type\":\"Organization\",\"@id\":\"https:\/\/inox-lesko.com\/#organization\",\"name\":\"INOX LE\u0160KO\",\"url\":\"https:\/\/inox-lesko.com\/\",\"logo\":{\"@type\":\"ImageObject\",\"inLanguage\":\"en-US\",\"@id\":\"https:\/\/inox-lesko.com\/#\/schema\/logo\/image\/\",\"url\":\"https:\/\/inox-lesko.com\/wp-content\/uploads\/2024\/04\/inox_lesko_logo_transparent.png\",\"contentUrl\":\"https:\/\/inox-lesko.com\/wp-content\/uploads\/2024\/04\/inox_lesko_logo_transparent.png\",\"width\":1262,\"height\":509,\"caption\":\"INOX LE\u0160KO\"},\"image\":{\"@id\":\"https:\/\/inox-lesko.com\/#\/schema\/logo\/image\/\"},\"sameAs\":[\"https:\/\/www.facebook.com\/inoxlesko\/\"]}]}<\/script>\n<!-- \/ Yoast SEO plugin. -->","yoast_head_json":{"title":"Privacy Policy - INOX LE\u0160KO","robots":{"index":"index","follow":"follow","max-snippet":"max-snippet:-1","max-image-preview":"max-image-preview:large","max-video-preview":"max-video-preview:-1"},"canonical":"https:\/\/inox-lesko.com\/en\/privacy-policy\/","og_locale":"en_US","og_type":"article","og_title":"Privacy Policy - INOX LE\u0160KO","og_description":"Privacy Policy 1. INFORMATION ABOUT THE PROCESSOR AND PROCESSOR The manager of personal data processing is Inox-Le\u0161ko d.o.o., a limited liability company with headquarters at Brodec 2 Vrati\u0161inec, 40315 Mursko Sredi\u0161\u0107e (hereinafter: &#8220;Inox Le\u0161ko&#8221;; Seller) registered in the registry (court) under the entity registration number (MBS): 5682703 with personal identification number (OIB): 43451537710. Inox-Le\u0161ko d.o.o.[...]","og_url":"https:\/\/inox-lesko.com\/en\/privacy-policy\/","og_site_name":"INOX LE\u0160KO","article_publisher":"https:\/\/www.facebook.com\/inoxlesko\/","article_modified_time":"2024-10-10T12:00:59+00:00","twitter_card":"summary_large_image","twitter_misc":{"Est. reading time":"12 minutes"},"schema":{"@context":"https:\/\/schema.org","@graph":[{"@type":"WebPage","@id":"https:\/\/inox-lesko.com\/privacy-policy\/","url":"https:\/\/inox-lesko.com\/privacy-policy\/","name":"Privacy Policy - INOX LE\u0160KO","isPartOf":{"@id":"https:\/\/inox-lesko.com\/#website"},"datePublished":"2024-02-19T10:33:08+00:00","dateModified":"2024-10-10T12:00:59+00:00","breadcrumb":{"@id":"https:\/\/inox-lesko.com\/privacy-policy\/#breadcrumb"},"inLanguage":"en-US","potentialAction":[{"@type":"ReadAction","target":["https:\/\/inox-lesko.com\/privacy-policy\/"]}]},{"@type":"BreadcrumbList","@id":"https:\/\/inox-lesko.com\/privacy-policy\/#breadcrumb","itemListElement":[{"@type":"ListItem","position":1,"name":"Home","item":"https:\/\/inox-lesko.com\/en\/"},{"@type":"ListItem","position":2,"name":"Privacy Policy"}]},{"@type":"WebSite","@id":"https:\/\/inox-lesko.com\/#website","url":"https:\/\/inox-lesko.com\/","name":"INOX LE\u0160KO","description":"","publisher":{"@id":"https:\/\/inox-lesko.com\/#organization"},"potentialAction":[{"@type":"SearchAction","target":{"@type":"EntryPoint","urlTemplate":"https:\/\/inox-lesko.com\/?s={search_term_string}"},"query-input":{"@type":"PropertyValueSpecification","valueRequired":true,"valueName":"search_term_string"}}],"inLanguage":"en-US"},{"@type":"Organization","@id":"https:\/\/inox-lesko.com\/#organization","name":"INOX LE\u0160KO","url":"https:\/\/inox-lesko.com\/","logo":{"@type":"ImageObject","inLanguage":"en-US","@id":"https:\/\/inox-lesko.com\/#\/schema\/logo\/image\/","url":"https:\/\/inox-lesko.com\/wp-content\/uploads\/2024\/04\/inox_lesko_logo_transparent.png","contentUrl":"https:\/\/inox-lesko.com\/wp-content\/uploads\/2024\/04\/inox_lesko_logo_transparent.png","width":1262,"height":509,"caption":"INOX LE\u0160KO"},"image":{"@id":"https:\/\/inox-lesko.com\/#\/schema\/logo\/image\/"},"sameAs":["https:\/\/www.facebook.com\/inoxlesko\/"]}]}},"_links":{"self":[{"href":"https:\/\/inox-lesko.com\/en\/wp-json\/wp\/v2\/pages\/3","targetHints":{"allow":["GET"]}}],"collection":[{"href":"https:\/\/inox-lesko.com\/en\/wp-json\/wp\/v2\/pages"}],"about":[{"href":"https:\/\/inox-lesko.com\/en\/wp-json\/wp\/v2\/types\/page"}],"author":[{"embeddable":true,"href":"https:\/\/inox-lesko.com\/en\/wp-json\/wp\/v2\/users\/1"}],"replies":[{"embeddable":true,"href":"https:\/\/inox-lesko.com\/en\/wp-json\/wp\/v2\/comments?post=3"}],"version-history":[{"count":10,"href":"https:\/\/inox-lesko.com\/en\/wp-json\/wp\/v2\/pages\/3\/revisions"}],"predecessor-version":[{"id":4374,"href":"https:\/\/inox-lesko.com\/en\/wp-json\/wp\/v2\/pages\/3\/revisions\/4374"}],"wp:attachment":[{"href":"https:\/\/inox-lesko.com\/en\/wp-json\/wp\/v2\/media?parent=3"}],"curies":[{"name":"wp","href":"https:\/\/api.w.org\/{rel}","templated":true}]}}