{"id":2677,"date":"2021-04-06T02:12:19","date_gmt":"2021-04-06T02:12:19","guid":{"rendered":"http:\/\/127.0.0.1\/wp\/wp_test\/?page_id=2677"},"modified":"2025-07-30T11:28:13","modified_gmt":"2025-07-30T09:28:13","slug":"about-us","status":"publish","type":"page","link":"https:\/\/inox-lesko.com\/en\/about-us\/","title":{"rendered":"About us"},"content":{"rendered":"\t\t<div data-elementor-type=\"wp-page\" data-elementor-id=\"2677\" class=\"elementor elementor-2677\" data-elementor-post-type=\"page\">\n\t\t\t\t\t\t<section class=\"elementor-section elementor-top-section elementor-element elementor-element-dc1d637 about2 about2-page-title elementor-section-boxed elementor-section-height-default elementor-section-height-default\" data-id=\"dc1d637\" data-element_type=\"section\">\n\t\t\t\t\t\t<div class=\"elementor-container elementor-column-gap-no\">\n\t\t\t\t\t<div class=\"elementor-column elementor-col-100 elementor-top-column elementor-element elementor-element-cf68e80\" data-id=\"cf68e80\" data-element_type=\"column\">\n\t\t\t<div class=\"elementor-widget-wrap elementor-element-populated\">\n\t\t\t\t\t\t<div class=\"elementor-element elementor-element-70a45ec elementor-widget elementor-widget-heading\" data-id=\"70a45ec\" data-element_type=\"widget\" data-widget_type=\"heading.default\">\n\t\t\t\t<div class=\"elementor-widget-container\">\n\t\t\t\t\t<h2 class=\"elementor-heading-title elementor-size-default\">A craft <span>specialized for wholesale and retail stainless steel products<\/span> - with emphasis on <span>glass clamps<\/span> - and elements for <span>whrought iron fences<\/span><\/h2>\t\t\t\t<\/div>\n\t\t\t\t<\/div>\n\t\t\t\t<div class=\"elementor-element elementor-element-160ff35 elementor-hidden-desktop elementor-hidden-tablet elementor-hidden-mobile elementor-widget elementor-widget-text-editor\" data-id=\"160ff35\" data-element_type=\"widget\" data-widget_type=\"text-editor.default\">\n\t\t\t\t<div class=\"elementor-widget-container\">\n\t\t\t\t\t\t\t\t\t<p>Great theme, excellent support. We had a few small issues with getting the dropdown menus to work and support fixed them and let us know which files were changed so that we could replicate from dev to production.<\/p>\t\t\t\t\t\t\t\t<\/div>\n\t\t\t\t<\/div>\n\t\t\t\t\t<\/div>\n\t\t<\/div>\n\t\t\t\t\t<\/div>\n\t\t<\/section>\n\t\t\t\t<section class=\"elementor-section elementor-top-section elementor-element elementor-element-a01592b elementor-section-full_width elementor-section-height-default elementor-section-height-default\" data-id=\"a01592b\" data-element_type=\"section\">\n\t\t\t\t\t\t<div class=\"elementor-container elementor-column-gap-no\">\n\t\t\t\t\t<div class=\"elementor-column elementor-col-100 elementor-top-column elementor-element elementor-element-ee8dcf5\" data-id=\"ee8dcf5\" data-element_type=\"column\">\n\t\t\t<div class=\"elementor-widget-wrap elementor-element-populated\">\n\t\t\t\t\t\t<div class=\"elementor-element elementor-element-e3e7b35 elementor-widget elementor-widget-image\" data-id=\"e3e7b35\" data-element_type=\"widget\" data-widget_type=\"image.default\">\n\t\t\t\t<div class=\"elementor-widget-container\">\n\t\t\t\t\t\t\t\t\t\t\t\t\t\t\t<img class=\"lazyload\" decoding=\"async\" src=\"data:image\/gif;base64,R0lGODlhAQABAAAAACH5BAEKAAEALAAAAAABAAEAAAICTAEAOw==\" data-src=\"http:\/\/demo2.roadthemes.com\/rozer\/wp-content\/uploads\/2021\/07\/img_about.jpg\" title=\"\" alt=\"\" loading=\"lazy\" \/>\t\t\t\t\t\t\t\t\t\t\t\t\t\t\t<\/div>\n\t\t\t\t<\/div>\n\t\t\t\t\t<\/div>\n\t\t<\/div>\n\t\t\t\t\t<\/div>\n\t\t<\/section>\n\t\t\t\t<section class=\"elementor-section elementor-top-section elementor-element elementor-element-64c1ffe elementor-section-full_width about2 about2-text1 col-gap-30 elementor-section-height-default elementor-section-height-default\" data-id=\"64c1ffe\" data-element_type=\"section\">\n\t\t\t\t\t\t<div class=\"elementor-container elementor-column-gap-no\">\n\t\t\t\t\t<div class=\"elementor-column elementor-col-16 elementor-top-column elementor-element elementor-element-d291296 d-none d-lg-block\" data-id=\"d291296\" data-element_type=\"column\">\n\t\t\t<div class=\"elementor-widget-wrap\">\n\t\t\t\t\t\t\t<\/div>\n\t\t<\/div>\n\t\t\t\t<div class=\"elementor-column elementor-col-66 elementor-top-column elementor-element elementor-element-eb74ceb\" data-id=\"eb74ceb\" data-element_type=\"column\">\n\t\t\t<div class=\"elementor-widget-wrap elementor-element-populated\">\n\t\t\t\t\t\t<div class=\"elementor-element elementor-element-41b317b elementor-widget elementor-widget-heading\" data-id=\"41b317b\" data-element_type=\"widget\" data-widget_type=\"heading.default\">\n\t\t\t\t<div class=\"elementor-widget-container\">\n\t\t\t\t\t<h3 class=\"elementor-heading-title elementor-size-default\">Inox-Le\u0161ko d.o.o.<\/h3>\t\t\t\t<\/div>\n\t\t\t\t<\/div>\n\t\t\t\t<div class=\"elementor-element elementor-element-46f12f0 elementor-widget elementor-widget-text-editor\" data-id=\"46f12f0\" data-element_type=\"widget\" data-widget_type=\"text-editor.default\">\n\t\t\t\t<div class=\"elementor-widget-container\">\n\t\t\t\t\t\t\t\t\t<p>Inox-Le\u0161ko d.o.o. je tvrtka specijalizirana za metaloprera\u0111iva\u010dku industriju, s naglaskom na proizvodnju i distribuciju visokokvalitetnih proizvoda od nehr\u0111aju\u0107eg \u010delika i kovanog \u017eeljeza. Osnovana 2022. godine, ali s iskustvom koje se\u017ee do 2018., tvrtka je kroz svoj rast i prilagodbu tr\u017ei\u0161tu stekla povjerenje i prepoznatljivost u Hrvatskoj te na me\u0111unarodnim tr\u017ei\u0161tima poput Slovenije, Austrije i Ma\u0111arske.<\/p>\t\t\t\t\t\t\t\t<\/div>\n\t\t\t\t<\/div>\n\t\t\t\t<section class=\"elementor-section elementor-inner-section elementor-element elementor-element-d12de07 elementor-section-full_width col-gap-30 elementor-section-height-default elementor-section-height-default\" data-id=\"d12de07\" data-element_type=\"section\">\n\t\t\t\t\t\t<div class=\"elementor-container elementor-column-gap-no\">\n\t\t\t\t\t<div class=\"elementor-column elementor-col-33 elementor-inner-column elementor-element elementor-element-6150f1b\" data-id=\"6150f1b\" data-element_type=\"column\">\n\t\t\t<div class=\"elementor-widget-wrap elementor-element-populated\">\n\t\t\t\t\t\t<div class=\"elementor-element elementor-element-950939d elementor-widget elementor-widget-heading\" data-id=\"950939d\" data-element_type=\"widget\" data-widget_type=\"heading.default\">\n\t\t\t\t<div class=\"elementor-widget-container\">\n\t\t\t\t\t<h3 class=\"elementor-heading-title elementor-size-default\">O nama<\/h3>\t\t\t\t<\/div>\n\t\t\t\t<\/div>\n\t\t\t\t<div class=\"elementor-element elementor-element-ad8706f elementor-widget-divider--view-line elementor-widget elementor-widget-divider\" data-id=\"ad8706f\" data-element_type=\"widget\" data-widget_type=\"divider.default\">\n\t\t\t\t<div class=\"elementor-widget-container\">\n\t\t\t\t\t\t\t<div class=\"elementor-divider\">\n\t\t\t<span class=\"elementor-divider-separator\">\n\t\t\t\t\t\t<\/span>\n\t\t<\/div>\n\t\t\t\t\t\t<\/div>\n\t\t\t\t<\/div>\n\t\t\t\t\t<\/div>\n\t\t<\/div>\n\t\t\t\t<div class=\"elementor-column elementor-col-66 elementor-inner-column elementor-element elementor-element-db1d42d\" data-id=\"db1d42d\" data-element_type=\"column\">\n\t\t\t<div class=\"elementor-widget-wrap elementor-element-populated\">\n\t\t\t\t\t\t<div class=\"elementor-element elementor-element-fb6def5 elementor-widget elementor-widget-text-editor\" data-id=\"fb6def5\" data-element_type=\"widget\" data-widget_type=\"text-editor.default\">\n\t\t\t\t<div class=\"elementor-widget-container\">\n\t\t\t\t\t\t\t\t\t<div class=\"p-rich_text_section\">Asortiman proizvoda:<\/div><ul class=\"p-rich_text_list p-rich_text_list__bullet p-rich_text_list--nested\" data-stringify-type=\"unordered-list\" data-list-tree=\"true\" data-indent=\"0\" data-border=\"0\"><li data-stringify-indent=\"0\" data-stringify-border=\"0\"><b data-stringify-type=\"bold\">Elementi za ograde od nehr\u0111aju\u0107eg \u010delika:<\/b>\u00a0Rje\u0161enja za moderne i funkcionalne ograde.<\/li><li data-stringify-indent=\"0\" data-stringify-border=\"0\"><b data-stringify-type=\"bold\">Komponente od kovanog \u017eeljeza:<\/b>\u00a0Estetski privla\u010dni i dugotrajni dijelovi za dekorativnu i funkcionalnu primjenu.<\/li><li data-stringify-indent=\"0\" data-stringify-border=\"0\"><b data-stringify-type=\"bold\">Nosa\u010di stakla:<\/b>\u00a0Precizno izra\u0111eni dijelovi za sigurno i elegantno postavljanje staklenih povr\u0161ina.<\/li><li data-stringify-indent=\"0\" data-stringify-border=\"0\"><b data-stringify-type=\"bold\">Inox cijevi:<\/b>\u00a0Raznovrsni proizvodi za gra\u0111evinsku industriju i dizajnerska rje\u0161enja.<\/li><li data-stringify-indent=\"0\" data-stringify-border=\"0\"><b data-stringify-type=\"bold\">Asortiman za groblja od nehr\u0111aju\u0107eg \u010delika:<\/b>\u00a0Trajna i estetski dopadljiva oprema.<\/li><li data-stringify-indent=\"0\" data-stringify-border=\"0\"><b data-stringify-type=\"bold\">Metalni dijelovi za gra\u0111evinsku industriju i ure\u0111enje:<\/b>\u00a0Prilago\u0111eni zahtjevima klijenata.<\/li><\/ul>\t\t\t\t\t\t\t\t<\/div>\n\t\t\t\t<\/div>\n\t\t\t\t<div class=\"elementor-element elementor-element-cdb5236 elementor-widget elementor-widget-text-editor\" data-id=\"cdb5236\" data-element_type=\"widget\" data-widget_type=\"text-editor.default\">\n\t\t\t\t<div class=\"elementor-widget-container\">\n\t\t\t\t\t\t\t\t\t<div class=\"p-rich_text_section\">Temeljne vrijednosti:<\/div><ul class=\"p-rich_text_list p-rich_text_list__bullet p-rich_text_list--nested\" data-stringify-type=\"unordered-list\" data-list-tree=\"true\" data-indent=\"0\" data-border=\"0\"><li data-stringify-indent=\"0\" data-stringify-border=\"0\"><b data-stringify-type=\"bold\">Kvaliteta i trajnost:<\/b>\u00a0Upotreba najkvalitetnijih materijala i provjerenih proizvodnih metoda.<\/li><li data-stringify-indent=\"0\" data-stringify-border=\"0\"><b data-stringify-type=\"bold\">Fleksibilnost:<\/b>\u00a0Izrada proizvoda prema specifi\u010dnim potrebama klijenata.<\/li><li data-stringify-indent=\"0\" data-stringify-border=\"0\"><b data-stringify-type=\"bold\">Estetika:<\/b>\u00a0Usmjerenost na vizualnu privla\u010dnost, uz tehni\u010dku savr\u0161enost.<\/li><li data-stringify-indent=\"0\" data-stringify-border=\"0\"><b data-stringify-type=\"bold\">Tr\u017ei\u0161na orijentacija:<\/b>\u00a0Pra\u0107enje potreba i trendova na doma\u0107em i me\u0111unarodnom tr\u017ei\u0161tu.<\/li><\/ul>\t\t\t\t\t\t\t\t<\/div>\n\t\t\t\t<\/div>\n\t\t\t\t\t<\/div>\n\t\t<\/div>\n\t\t\t\t\t<\/div>\n\t\t<\/section>\n\t\t\t\t\t<\/div>\n\t\t<\/div>\n\t\t\t\t<div class=\"elementor-column elementor-col-16 elementor-top-column elementor-element elementor-element-e6c3e7b d-none d-lg-block\" data-id=\"e6c3e7b\" data-element_type=\"column\">\n\t\t\t<div class=\"elementor-widget-wrap\">\n\t\t\t\t\t\t\t<\/div>\n\t\t<\/div>\n\t\t\t\t\t<\/div>\n\t\t<\/section>\n\t\t<div class=\"elementor-element elementor-element-5ae39ed e-flex e-con-boxed e-con e-parent\" data-id=\"5ae39ed\" data-element_type=\"container\">\n\t\t\t\t\t<div class=\"e-con-inner\">\n\t\t<div class=\"elementor-element elementor-element-5a72bf7 e-con-full e-flex e-con e-child\" data-id=\"5a72bf7\" data-element_type=\"container\">\n\t\t\t\t<div class=\"elementor-element elementor-element-f9734e1 elementor-widget elementor-widget-image\" data-id=\"f9734e1\" data-element_type=\"widget\" data-widget_type=\"image.default\">\n\t\t\t\t<div class=\"elementor-widget-container\">\n\t\t\t\t\t\t\t\t\t\t\t\t\t\t\t<img fetchpriority=\"high\" decoding=\"async\" width=\"750\" height=\"500\" src=\"data:image\/svg+xml,%20%3Csvg%20viewBox%3D%220%200%20750%20500%22%20xmlns%3D%22http%3A%2F%2Fwww.w3.org%2F2000%2Fsvg%22%3E%3C%2Fsvg%3E\" data-src=\"https:\/\/inox-lesko.com\/wp-content\/uploads\/2024\/05\/viyij-1024x683.png\" class=\" lazyload attachment-large size-large wp-image-3560\" alt=\"\" srcset=\"\" data-srcset=\"https:\/\/inox-lesko.com\/wp-content\/uploads\/2024\/05\/viyij-1024x683.png 1024w, https:\/\/inox-lesko.com\/wp-content\/uploads\/2024\/05\/viyij-300x200.png 300w, https:\/\/inox-lesko.com\/wp-content\/uploads\/2024\/05\/viyij-768x512.png 768w, https:\/\/inox-lesko.com\/wp-content\/uploads\/2024\/05\/viyij-1536x1024.png 1536w, https:\/\/inox-lesko.com\/wp-content\/uploads\/2024\/05\/viyij-150x100.png 150w, https:\/\/inox-lesko.com\/wp-content\/uploads\/2024\/05\/viyij-600x400.png 600w, https:\/\/inox-lesko.com\/wp-content\/uploads\/2024\/05\/viyij.png 1588w\" sizes=\"(max-width: 750px) 100vw, 750px\" \/>\t\t\t\t\t\t\t\t\t\t\t\t\t\t\t<\/div>\n\t\t\t\t<\/div>\n\t\t\t\t<\/div>\n\t\t<div class=\"elementor-element elementor-element-7ec444f e-con-full e-flex e-con e-child\" data-id=\"7ec444f\" data-element_type=\"container\">\n\t\t\t\t<div class=\"elementor-element elementor-element-a2c4df0 elementor-widget elementor-widget-heading\" data-id=\"a2c4df0\" data-element_type=\"widget\" data-widget_type=\"heading.default\">\n\t\t\t\t<div class=\"elementor-widget-container\">\n\t\t\t\t\t<h3 class=\"elementor-heading-title elementor-size-default\">Razvoj i pro\u0161irenje:<\/h3>\t\t\t\t<\/div>\n\t\t\t\t<\/div>\n\t\t\t\t<div class=\"elementor-element elementor-element-f3983fb elementor-widget elementor-widget-text-editor\" data-id=\"f3983fb\" data-element_type=\"widget\" data-widget_type=\"text-editor.default\">\n\t\t\t\t<div class=\"elementor-widget-container\">\n\t\t\t\t\t\t\t\t\t<p>Od svojih po\u010detaka kao obrt, Inox-Le\u0161ko se transformirao u moderno poduze\u0107e s vlastitom proizvodnjom, pru\u017eaju\u0107i cjelovita rje\u0161enja za gra\u0111evinske projekte i unutarnje\/vanjsko ure\u0111enje. Ova strategija omogu\u0107ila je pro\u0161irenje portfelja klijenata i dodatno pozicioniranje kao lidera u industriji.<\/p>\t\t\t\t\t\t\t\t<\/div>\n\t\t\t\t<\/div>\n\t\t\t\t<div class=\"elementor-element elementor-element-e4a68c4 elementor-widget elementor-widget-heading\" data-id=\"e4a68c4\" data-element_type=\"widget\" data-widget_type=\"heading.default\">\n\t\t\t\t<div class=\"elementor-widget-container\">\n\t\t\t\t\t<h3 class=\"elementor-heading-title elementor-size-default\">Vizija:<\/h3>\t\t\t\t<\/div>\n\t\t\t\t<\/div>\n\t\t\t\t<div class=\"elementor-element elementor-element-9aaa4c1 elementor-widget elementor-widget-text-editor\" data-id=\"9aaa4c1\" data-element_type=\"widget\" data-widget_type=\"text-editor.default\">\n\t\t\t\t<div class=\"elementor-widget-container\">\n\t\t\t\t\t\t\t\t\t<p>Inox-Le\u0161ko d.o.o. nastoji postati sinonim za inovativnost i pouzdanost u metalnoj galanteriji, kako na lokalnom tako i na me\u0111unarodnom tr\u017ei\u0161tu, kontinuirano ula\u017eu\u0107i u tehnologiju, kvalitetu i razvoj partnerskih odnosa.<\/p>\t\t\t\t\t\t\t\t<\/div>\n\t\t\t\t<\/div>\n\t\t\t\t<\/div>\n\t\t\t\t\t<\/div>\n\t\t\t\t<\/div>\n\t\t\t\t<\/div>\n\t\t","protected":false},"excerpt":{"rendered":"<p>A craft specialized for wholesale and retail stainless steel products &#8211; with emphasis on glass clamps &#8211; and elements for whrought iron fences Great theme, excellent support. We had a few small issues with getting the dropdown menus to work and support fixed them and let us know which files were changed so that we[&#8230;]<\/p>\n","protected":false},"author":1,"featured_media":0,"parent":0,"menu_order":0,"comment_status":"closed","ping_status":"closed","template":"","meta":{"_acf_changed":false,"footnotes":""},"class_list":["post-2677","page","type-page","status-publish","hentry"],"acf":[],"yoast_head":"<!-- This site is optimized with the Yoast SEO plugin v26.1.1 - https:\/\/yoast.com\/wordpress\/plugins\/seo\/ -->\n<title>About us - INOX LE\u0160KO<\/title>\n<meta name=\"description\" content=\"A craft specialized for wholesale and retail stainless steel products - with emphasis on glass clamps - and elements for whrought iron fences.\" \/>\n<meta name=\"robots\" content=\"index, follow, max-snippet:-1, max-image-preview:large, max-video-preview:-1\" \/>\n<link rel=\"canonical\" href=\"https:\/\/inox-lesko.com\/en\/about-us\/\" \/>\n<meta property=\"og:locale\" content=\"en_US\" \/>\n<meta property=\"og:type\" content=\"article\" \/>\n<meta property=\"og:title\" content=\"About us - INOX LE\u0160KO\" \/>\n<meta property=\"og:description\" content=\"A craft specialized for wholesale and retail stainless steel products - with emphasis on glass clamps - and elements for whrought iron fences.\" \/>\n<meta property=\"og:url\" content=\"https:\/\/inox-lesko.com\/en\/about-us\/\" \/>\n<meta property=\"og:site_name\" content=\"INOX LE\u0160KO\" \/>\n<meta property=\"article:publisher\" content=\"https:\/\/www.facebook.com\/inoxlesko\/\" \/>\n<meta property=\"article:modified_time\" content=\"2025-07-30T09:28:13+00:00\" \/>\n<meta property=\"og:image\" content=\"http:\/\/demo2.roadthemes.com\/rozer\/wp-content\/uploads\/2021\/07\/img_about.jpg\" \/>\n<meta name=\"twitter:card\" content=\"summary_large_image\" \/>\n<meta name=\"twitter:label1\" content=\"Est. reading time\" \/>\n\t<meta name=\"twitter:data1\" content=\"2 minutes\" \/>\n<script type=\"application\/ld+json\" class=\"yoast-schema-graph\">{\"@context\":\"https:\/\/schema.org\",\"@graph\":[{\"@type\":\"WebPage\",\"@id\":\"https:\/\/inox-lesko.com\/about-us\/\",\"url\":\"https:\/\/inox-lesko.com\/about-us\/\",\"name\":\"About us - INOX LE\u0160KO\",\"isPartOf\":{\"@id\":\"https:\/\/inox-lesko.com\/#website\"},\"primaryImageOfPage\":{\"@id\":\"https:\/\/inox-lesko.com\/about-us\/#primaryimage\"},\"image\":{\"@id\":\"https:\/\/inox-lesko.com\/about-us\/#primaryimage\"},\"thumbnailUrl\":\"http:\/\/demo2.roadthemes.com\/rozer\/wp-content\/uploads\/2021\/07\/img_about.jpg\",\"datePublished\":\"2021-04-06T02:12:19+00:00\",\"dateModified\":\"2025-07-30T09:28:13+00:00\",\"description\":\"A craft specialized for wholesale and retail stainless steel products - with emphasis on glass clamps - and elements for whrought iron fences.\",\"breadcrumb\":{\"@id\":\"https:\/\/inox-lesko.com\/about-us\/#breadcrumb\"},\"inLanguage\":\"en-US\",\"potentialAction\":[{\"@type\":\"ReadAction\",\"target\":[\"https:\/\/inox-lesko.com\/about-us\/\"]}]},{\"@type\":\"ImageObject\",\"inLanguage\":\"en-US\",\"@id\":\"https:\/\/inox-lesko.com\/about-us\/#primaryimage\",\"url\":\"http:\/\/demo2.roadthemes.com\/rozer\/wp-content\/uploads\/2021\/07\/img_about.jpg\",\"contentUrl\":\"http:\/\/demo2.roadthemes.com\/rozer\/wp-content\/uploads\/2021\/07\/img_about.jpg\"},{\"@type\":\"BreadcrumbList\",\"@id\":\"https:\/\/inox-lesko.com\/about-us\/#breadcrumb\",\"itemListElement\":[{\"@type\":\"ListItem\",\"position\":1,\"name\":\"Home\",\"item\":\"https:\/\/inox-lesko.com\/en\/\"},{\"@type\":\"ListItem\",\"position\":2,\"name\":\"About us\"}]},{\"@type\":\"WebSite\",\"@id\":\"https:\/\/inox-lesko.com\/#website\",\"url\":\"https:\/\/inox-lesko.com\/\",\"name\":\"INOX LE\u0160KO\",\"description\":\"\",\"publisher\":{\"@id\":\"https:\/\/inox-lesko.com\/#organization\"},\"potentialAction\":[{\"@type\":\"SearchAction\",\"target\":{\"@type\":\"EntryPoint\",\"urlTemplate\":\"https:\/\/inox-lesko.com\/?s={search_term_string}\"},\"query-input\":{\"@type\":\"PropertyValueSpecification\",\"valueRequired\":true,\"valueName\":\"search_term_string\"}}],\"inLanguage\":\"en-US\"},{\"@type\":\"Organization\",\"@id\":\"https:\/\/inox-lesko.com\/#organization\",\"name\":\"INOX LE\u0160KO\",\"url\":\"https:\/\/inox-lesko.com\/\",\"logo\":{\"@type\":\"ImageObject\",\"inLanguage\":\"en-US\",\"@id\":\"https:\/\/inox-lesko.com\/#\/schema\/logo\/image\/\",\"url\":\"https:\/\/inox-lesko.com\/wp-content\/uploads\/2024\/04\/inox_lesko_logo_transparent.png\",\"contentUrl\":\"https:\/\/inox-lesko.com\/wp-content\/uploads\/2024\/04\/inox_lesko_logo_transparent.png\",\"width\":1262,\"height\":509,\"caption\":\"INOX LE\u0160KO\"},\"image\":{\"@id\":\"https:\/\/inox-lesko.com\/#\/schema\/logo\/image\/\"},\"sameAs\":[\"https:\/\/www.facebook.com\/inoxlesko\/\"]}]}<\/script>\n<!-- \/ Yoast SEO plugin. -->","yoast_head_json":{"title":"About us - INOX LE\u0160KO","description":"A craft specialized for wholesale and retail stainless steel products - with emphasis on glass clamps - and elements for whrought iron fences.","robots":{"index":"index","follow":"follow","max-snippet":"max-snippet:-1","max-image-preview":"max-image-preview:large","max-video-preview":"max-video-preview:-1"},"canonical":"https:\/\/inox-lesko.com\/en\/about-us\/","og_locale":"en_US","og_type":"article","og_title":"About us - INOX LE\u0160KO","og_description":"A craft specialized for wholesale and retail stainless steel products - with emphasis on glass clamps - and elements for whrought iron fences.","og_url":"https:\/\/inox-lesko.com\/en\/about-us\/","og_site_name":"INOX LE\u0160KO","article_publisher":"https:\/\/www.facebook.com\/inoxlesko\/","article_modified_time":"2025-07-30T09:28:13+00:00","og_image":[{"url":"http:\/\/demo2.roadthemes.com\/rozer\/wp-content\/uploads\/2021\/07\/img_about.jpg","type":"","width":"","height":""}],"twitter_card":"summary_large_image","twitter_misc":{"Est. reading time":"2 minutes"},"schema":{"@context":"https:\/\/schema.org","@graph":[{"@type":"WebPage","@id":"https:\/\/inox-lesko.com\/about-us\/","url":"https:\/\/inox-lesko.com\/about-us\/","name":"About us - INOX LE\u0160KO","isPartOf":{"@id":"https:\/\/inox-lesko.com\/#website"},"primaryImageOfPage":{"@id":"https:\/\/inox-lesko.com\/about-us\/#primaryimage"},"image":{"@id":"https:\/\/inox-lesko.com\/about-us\/#primaryimage"},"thumbnailUrl":"http:\/\/demo2.roadthemes.com\/rozer\/wp-content\/uploads\/2021\/07\/img_about.jpg","datePublished":"2021-04-06T02:12:19+00:00","dateModified":"2025-07-30T09:28:13+00:00","description":"A craft specialized for wholesale and retail stainless steel products - with emphasis on glass clamps - and elements for whrought iron fences.","breadcrumb":{"@id":"https:\/\/inox-lesko.com\/about-us\/#breadcrumb"},"inLanguage":"en-US","potentialAction":[{"@type":"ReadAction","target":["https:\/\/inox-lesko.com\/about-us\/"]}]},{"@type":"ImageObject","inLanguage":"en-US","@id":"https:\/\/inox-lesko.com\/about-us\/#primaryimage","url":"http:\/\/demo2.roadthemes.com\/rozer\/wp-content\/uploads\/2021\/07\/img_about.jpg","contentUrl":"http:\/\/demo2.roadthemes.com\/rozer\/wp-content\/uploads\/2021\/07\/img_about.jpg"},{"@type":"BreadcrumbList","@id":"https:\/\/inox-lesko.com\/about-us\/#breadcrumb","itemListElement":[{"@type":"ListItem","position":1,"name":"Home","item":"https:\/\/inox-lesko.com\/en\/"},{"@type":"ListItem","position":2,"name":"About us"}]},{"@type":"WebSite","@id":"https:\/\/inox-lesko.com\/#website","url":"https:\/\/inox-lesko.com\/","name":"INOX LE\u0160KO","description":"","publisher":{"@id":"https:\/\/inox-lesko.com\/#organization"},"potentialAction":[{"@type":"SearchAction","target":{"@type":"EntryPoint","urlTemplate":"https:\/\/inox-lesko.com\/?s={search_term_string}"},"query-input":{"@type":"PropertyValueSpecification","valueRequired":true,"valueName":"search_term_string"}}],"inLanguage":"en-US"},{"@type":"Organization","@id":"https:\/\/inox-lesko.com\/#organization","name":"INOX LE\u0160KO","url":"https:\/\/inox-lesko.com\/","logo":{"@type":"ImageObject","inLanguage":"en-US","@id":"https:\/\/inox-lesko.com\/#\/schema\/logo\/image\/","url":"https:\/\/inox-lesko.com\/wp-content\/uploads\/2024\/04\/inox_lesko_logo_transparent.png","contentUrl":"https:\/\/inox-lesko.com\/wp-content\/uploads\/2024\/04\/inox_lesko_logo_transparent.png","width":1262,"height":509,"caption":"INOX LE\u0160KO"},"image":{"@id":"https:\/\/inox-lesko.com\/#\/schema\/logo\/image\/"},"sameAs":["https:\/\/www.facebook.com\/inoxlesko\/"]}]}},"_links":{"self":[{"href":"https:\/\/inox-lesko.com\/en\/wp-json\/wp\/v2\/pages\/2677","targetHints":{"allow":["GET"]}}],"collection":[{"href":"https:\/\/inox-lesko.com\/en\/wp-json\/wp\/v2\/pages"}],"about":[{"href":"https:\/\/inox-lesko.com\/en\/wp-json\/wp\/v2\/types\/page"}],"author":[{"embeddable":true,"href":"https:\/\/inox-lesko.com\/en\/wp-json\/wp\/v2\/users\/1"}],"replies":[{"embeddable":true,"href":"https:\/\/inox-lesko.com\/en\/wp-json\/wp\/v2\/comments?post=2677"}],"version-history":[{"count":10,"href":"https:\/\/inox-lesko.com\/en\/wp-json\/wp\/v2\/pages\/2677\/revisions"}],"predecessor-version":[{"id":4881,"href":"https:\/\/inox-lesko.com\/en\/wp-json\/wp\/v2\/pages\/2677\/revisions\/4881"}],"wp:attachment":[{"href":"https:\/\/inox-lesko.com\/en\/wp-json\/wp\/v2\/media?parent=2677"}],"curies":[{"name":"wp","href":"https:\/\/api.w.org\/{rel}","templated":true}]}}